{"id":120,"date":"2020-02-28T09:00:49","date_gmt":"2020-02-28T09:00:49","guid":{"rendered":"http:\/\/tumba-online.de\/?page_id=120"},"modified":"2020-04-21T05:04:22","modified_gmt":"2020-04-21T05:04:22","slug":"kapitel-3","status":"publish","type":"page","link":"http:\/\/tumba-online.de\/?page_id=120","title":{"rendered":"Teil I &#8211; Kapitel 3"},"content":{"rendered":"\t\t<div data-elementor-type=\"wp-page\" data-elementor-id=\"120\" class=\"elementor elementor-120\" data-elementor-settings=\"[]\">\n\t\t\t\t\t\t<div class=\"elementor-inner\">\n\t\t\t\t\t\t\t<div class=\"elementor-section-wrap\">\n\t\t\t\t\t\t\t<section class=\"elementor-section elementor-top-section elementor-element elementor-element-e3acebb elementor-section-boxed elementor-section-height-default elementor-section-height-default\" data-id=\"e3acebb\" data-element_type=\"section\">\n\t\t\t\t\t\t<div class=\"elementor-container elementor-column-gap-default\">\n\t\t\t\t\t\t\t<div class=\"elementor-row\">\n\t\t\t\t\t<div class=\"elementor-column elementor-col-100 elementor-top-column elementor-element elementor-element-55c99a4\" data-id=\"55c99a4\" data-element_type=\"column\">\n\t\t\t<div class=\"elementor-column-wrap elementor-element-populated\">\n\t\t\t\t\t\t\t<div class=\"elementor-widget-wrap\">\n\t\t\t\t\t\t<div class=\"elementor-element elementor-element-ab074bf elementor-widget elementor-widget-heading\" data-id=\"ab074bf\" data-element_type=\"widget\" data-widget_type=\"heading.default\">\n\t\t\t\t<div class=\"elementor-widget-container\">\n\t\t\t<h1 class=\"elementor-heading-title elementor-size-xl\">Drittes Kapitel: Tumbas Kampf mit einem Mungo<\/h1>\t\t<\/div>\n\t\t\t\t<\/div>\n\t\t\t\t<div class=\"elementor-element elementor-element-3df5481 elementor-widget elementor-widget-heading\" data-id=\"3df5481\" data-element_type=\"widget\" data-widget_type=\"heading.default\">\n\t\t\t\t<div class=\"elementor-widget-container\">\n\t\t\t<h1 class=\"elementor-heading-title elementor-size-large\">Bilder<\/h1>\t\t<\/div>\n\t\t\t\t<\/div>\n\t\t\t\t\t\t<\/div>\n\t\t\t\t\t<\/div>\n\t\t<\/div>\n\t\t\t\t\t\t\t\t<\/div>\n\t\t\t\t\t<\/div>\n\t\t<\/section>\n\t\t\t\t<section class=\"elementor-section elementor-top-section elementor-element elementor-element-e8f445b elementor-section-boxed elementor-section-height-default elementor-section-height-default\" data-id=\"e8f445b\" data-element_type=\"section\">\n\t\t\t\t\t\t<div class=\"elementor-container elementor-column-gap-default\">\n\t\t\t\t\t\t\t<div class=\"elementor-row\">\n\t\t\t\t\t<div class=\"elementor-column elementor-col-50 elementor-top-column elementor-element elementor-element-7990f0d\" data-id=\"7990f0d\" data-element_type=\"column\">\n\t\t\t<div class=\"elementor-column-wrap elementor-element-populated\">\n\t\t\t\t\t\t\t<div class=\"elementor-widget-wrap\">\n\t\t\t\t\t\t<div class=\"elementor-element elementor-element-50f53f1 elementor-widget elementor-widget-shortcode\" data-id=\"50f53f1\" data-element_type=\"widget\" data-widget_type=\"shortcode.default\">\n\t\t\t\t<div class=\"elementor-widget-container\">\n\t\t\t\t\t<div class=\"elementor-shortcode\"><div class=\"su-image-carousel  su-image-carousel-has-spacing su-image-carousel-crop su-image-carousel-crop-4-3 su-image-carousel-has-outline su-image-carousel-adaptive su-image-carousel-slides-style-photo su-image-carousel-controls-style-dark su-image-carousel-align-none\" style=\"max-width:400px\" data-flickity-options='{\"groupCells\":true,\"cellSelector\":\".su-image-carousel-item\",\"adaptiveHeight\":false,\"cellAlign\":\"left\",\"prevNextButtons\":true,\"pageDots\":true,\"autoPlay\":5000,\"imagesLoaded\":true,\"contain\":true,\"selectedAttraction\":0.025000000000000001387778780781445675529539585113525390625,\"friction\":0.2800000000000000266453525910037569701671600341796875}' id=\"su_image_carousel_69df251c61b15\"><div class=\"su-image-carousel-item\"><div class=\"su-image-carousel-item-content\"><img width=\"861\" height=\"479\" src=\"http:\/\/tumba-online.de\/wp-content\/uploads\/2020\/03\/2020-03-17-1.png\" class=\"\" alt=\"\" loading=\"lazy\" srcset=\"http:\/\/tumba-online.de\/wp-content\/uploads\/2020\/03\/2020-03-17-1.png 861w, http:\/\/tumba-online.de\/wp-content\/uploads\/2020\/03\/2020-03-17-1-300x167.png 300w, http:\/\/tumba-online.de\/wp-content\/uploads\/2020\/03\/2020-03-17-1-768x427.png 768w\" sizes=\"(max-width: 861px) 100vw, 861px\" \/><\/div><\/div><div class=\"su-image-carousel-item\"><div class=\"su-image-carousel-item-content\"><img width=\"480\" height=\"360\" src=\"http:\/\/tumba-online.de\/wp-content\/uploads\/2020\/03\/hqdefault.jpg\" class=\"\" alt=\"\" loading=\"lazy\" srcset=\"http:\/\/tumba-online.de\/wp-content\/uploads\/2020\/03\/hqdefault.jpg 480w, http:\/\/tumba-online.de\/wp-content\/uploads\/2020\/03\/hqdefault-300x225.jpg 300w\" sizes=\"(max-width: 480px) 100vw, 480px\" \/><\/div><\/div><div class=\"su-image-carousel-item\"><div class=\"su-image-carousel-item-content\"><img width=\"275\" height=\"183\" src=\"http:\/\/tumba-online.de\/wp-content\/uploads\/2020\/03\/images.jpg\" class=\"\" alt=\"\" loading=\"lazy\" \/><\/div><\/div><div class=\"su-image-carousel-item\"><div class=\"su-image-carousel-item-content\"><img width=\"603\" height=\"640\" src=\"http:\/\/tumba-online.de\/wp-content\/uploads\/2020\/03\/mongoose-1685547_960_720.jpg\" class=\"\" alt=\"\" loading=\"lazy\" srcset=\"http:\/\/tumba-online.de\/wp-content\/uploads\/2020\/03\/mongoose-1685547_960_720.jpg 603w, http:\/\/tumba-online.de\/wp-content\/uploads\/2020\/03\/mongoose-1685547_960_720-283x300.jpg 283w\" sizes=\"(max-width: 603px) 100vw, 603px\" \/><\/div><\/div><div class=\"su-image-carousel-item\"><div class=\"su-image-carousel-item-content\"><img width=\"275\" height=\"183\" src=\"http:\/\/tumba-online.de\/wp-content\/uploads\/2020\/03\/Mungo-1.jpg\" class=\"\" alt=\"\" loading=\"lazy\" \/><\/div><\/div><div class=\"su-image-carousel-item\"><div class=\"su-image-carousel-item-content\"><img width=\"272\" height=\"186\" src=\"http:\/\/tumba-online.de\/wp-content\/uploads\/2020\/03\/Mungo-2.jpg\" class=\"\" alt=\"\" loading=\"lazy\" \/><\/div><\/div><\/div><script id=\"su_image_carousel_69df251c61b15_script\">if(window.SUImageCarousel){setTimeout(function() {window.SUImageCarousel.initGallery(document.getElementById(\"su_image_carousel_69df251c61b15\"))}, 0);}var su_image_carousel_69df251c61b15_script=document.getElementById(\"su_image_carousel_69df251c61b15_script\");if(su_image_carousel_69df251c61b15_script){su_image_carousel_69df251c61b15_script.parentNode.removeChild(su_image_carousel_69df251c61b15_script);}<\/script><\/div>\n\t\t\t\t<\/div>\n\t\t\t\t<\/div>\n\t\t\t\t\t\t<\/div>\n\t\t\t\t\t<\/div>\n\t\t<\/div>\n\t\t\t\t<div class=\"elementor-column elementor-col-50 elementor-top-column elementor-element elementor-element-bea3325\" data-id=\"bea3325\" data-element_type=\"column\">\n\t\t\t<div class=\"elementor-column-wrap elementor-element-populated\">\n\t\t\t\t\t\t\t<div class=\"elementor-widget-wrap\">\n\t\t\t\t\t\t<div class=\"elementor-element elementor-element-f971f5e elementor-aspect-ratio-169 elementor-widget elementor-widget-video\" data-id=\"f971f5e\" data-element_type=\"widget\" data-settings=\"{&quot;youtube_url&quot;:&quot;https:\\\/\\\/www.youtube.com\\\/watch?v=vdg9gkmWsEA&quot;,&quot;start&quot;:79,&quot;end&quot;:95,&quot;mute&quot;:&quot;yes&quot;,&quot;video_type&quot;:&quot;youtube&quot;,&quot;controls&quot;:&quot;yes&quot;,&quot;aspect_ratio&quot;:&quot;169&quot;}\" data-widget_type=\"video.default\">\n\t\t\t\t<div class=\"elementor-widget-container\">\n\t\t\t\t\t<div class=\"elementor-wrapper elementor-fit-aspect-ratio elementor-open-inline\">\n\t\t\t<div class=\"elementor-video\"><\/div>\t\t<\/div>\n\t\t\t\t<\/div>\n\t\t\t\t<\/div>\n\t\t\t\t\t\t<\/div>\n\t\t\t\t\t<\/div>\n\t\t<\/div>\n\t\t\t\t\t\t\t\t<\/div>\n\t\t\t\t\t<\/div>\n\t\t<\/section>\n\t\t\t\t<section class=\"elementor-section elementor-top-section elementor-element elementor-element-c8cd6cf elementor-section-boxed elementor-section-height-default elementor-section-height-default\" data-id=\"c8cd6cf\" data-element_type=\"section\">\n\t\t\t\t\t\t<div class=\"elementor-container elementor-column-gap-default\">\n\t\t\t\t\t\t\t<div class=\"elementor-row\">\n\t\t\t\t\t<div class=\"elementor-column elementor-col-100 elementor-top-column elementor-element elementor-element-9f2bfae\" data-id=\"9f2bfae\" data-element_type=\"column\">\n\t\t\t<div class=\"elementor-column-wrap elementor-element-populated\">\n\t\t\t\t\t\t\t<div class=\"elementor-widget-wrap\">\n\t\t\t\t\t\t<div class=\"elementor-element elementor-element-5e13139 elementor-widget elementor-widget-spacer\" data-id=\"5e13139\" data-element_type=\"widget\" data-widget_type=\"spacer.default\">\n\t\t\t\t<div class=\"elementor-widget-container\">\n\t\t\t\t\t<div class=\"elementor-spacer\">\n\t\t\t<div class=\"elementor-spacer-inner\"><\/div>\n\t\t<\/div>\n\t\t\t\t<\/div>\n\t\t\t\t<\/div>\n\t\t\t\t<div class=\"elementor-element elementor-element-a82e299 elementor-widget elementor-widget-heading\" data-id=\"a82e299\" data-element_type=\"widget\" data-widget_type=\"heading.default\">\n\t\t\t\t<div class=\"elementor-widget-container\">\n\t\t\t<h1 class=\"elementor-heading-title elementor-size-large\">Informationen \u00fcber den Mungo<\/h1>\t\t<\/div>\n\t\t\t\t<\/div>\n\t\t\t\t<div class=\"elementor-element elementor-element-ce93730 elementor-widget elementor-widget-text-editor\" data-id=\"ce93730\" data-element_type=\"widget\" data-widget_type=\"text-editor.default\">\n\t\t\t\t<div class=\"elementor-widget-container\">\n\t\t\t\t\t\t\t\t<div class=\"elementor-text-editor elementor-clearfix\">\n\t\t\t\t<p>Quelle: <span style=\"text-decoration: underline;\"><a href=\"http:\/\/www.biologie-schule.de\/mungo-steckbrief.php\">http:\/\/www.biologie-schule.de\/mungo-steckbrief.php<\/a><\/span><\/p>\t\t\t\t\t<\/div>\n\t\t\t\t\t\t<\/div>\n\t\t\t\t<\/div>\n\t\t\t\t<div class=\"elementor-element elementor-element-1a22693 elementor-widget elementor-widget-text-editor\" data-id=\"1a22693\" data-element_type=\"widget\" data-widget_type=\"text-editor.default\">\n\t\t\t\t<div class=\"elementor-widget-container\">\n\t\t\t\t\t\t\t\t<div class=\"elementor-text-editor elementor-clearfix\">\n\t\t\t\t<ul><li>Mungos sind von langgestrecktem und schlankem K\u00f6rperbau und besitzen sehr kurze Gliedma\u00dfen. Je nach Art erscheint das kurze Fell in unterschiedlichen Grau- oder Braunt\u00f6nen, wobei es auf der Bauchseite stets deutlich heller gef\u00e4rbt ist.<\/li><li>Sie werden zwischen vierzig und sechzig Zentimeter lang und wiegen maximal vier Kilogramm.<\/li><li>Mungos ern\u00e4hren sich je nach Verbreitungsgebiet von kleinen S\u00e4ugetieren und V\u00f6geln, Insekten, kleinen Reptilien, Skorpionen, Fischen und Schalentieren sowie Fr\u00f6schen.<\/li><li>Auch wenn sich Mungos vorrangig von fleischlicher Kost leben, verzehren sie gerne auch Fr\u00fcchte und Beeren.<\/li><li>Da Mungos sich im Kampf gegen giftige Schlangen als \u00e4u\u00dferst geschickt erweisen, wurden sie als Sch\u00e4dlingsbek\u00e4mpfer in vielen Regionen eingeb\u00fcrgert.<\/li><li>Als Raubtier rotteten Mungos in ihrer neuen Heimat allerdings viele Tierarten aus.<\/li><li>Mungos sind grunds\u00e4tzlich tagaktive Einzelg\u00e4nger, schlie\u00dfen sich gelegentlich jedoch auch zu Gruppenverb\u00e4nden und Paarverbindungen zusammen.<\/li><li>Sie leben haupts\u00e4chlich am Boden, k\u00f6nnen jedoch hervorragend klettern und halten sich daher auch gerne auf B\u00e4umen auf.<\/li><li>Um zu schlafen, ziehen sich Mungos in selbstgegrabene Erdh\u00f6hlen, Felsspalten oder hohle Baumst\u00e4mme zur\u00fcck.<\/li><li>Mungos k\u00f6nnen in freier Wildbahn ein Alter von bis zu zehn Jahren erreichen.<\/li><\/ul><p>Der Mungo tritt in indischen Fabeln als Besch\u00fctzer der Menschheit auf, die er vor Angriffen von Schlangen besch\u00fctzt. Tats\u00e4chlich erlegt der Mungo eine Kobra nicht sofort, sondern meistens erst nach einem minutenlangen Kampf. Allerdings ist er nicht immun gegen das Schlangengift. Wegen seiner Schnelligkeit ist ein solcher Kampf f\u00fcr den Mungo mit einem geringen Risiko verbunden. Er l\u00e4sst die Kobra mehrfach zusto\u00dfen, weicht jedes Mal aus, bis letztlich die Schlange so erm\u00fcdet ist, dass sie sich leicht t\u00f6ten l\u00e4sst. Wird ein Mungo in einem solchen Kampf doch einmal gebissen, durchdringt die Kobra mit ihren kurzen Giftz\u00e4hnen oftmals nicht sein dichtes, buschiges Fell. (<span style=\"text-decoration: underline;\"><a href=\"https:\/\/de.wikipedia.org\/wiki\/Mungo\">Wikipedia<\/a><\/span>)<\/p>\t\t\t\t\t<\/div>\n\t\t\t\t\t\t<\/div>\n\t\t\t\t<\/div>\n\t\t\t\t<div class=\"elementor-element elementor-element-8cc5be0 elementor-widget elementor-widget-spacer\" data-id=\"8cc5be0\" data-element_type=\"widget\" data-widget_type=\"spacer.default\">\n\t\t\t\t<div class=\"elementor-widget-container\">\n\t\t\t\t\t<div class=\"elementor-spacer\">\n\t\t\t<div class=\"elementor-spacer-inner\"><\/div>\n\t\t<\/div>\n\t\t\t\t<\/div>\n\t\t\t\t<\/div>\n\t\t\t\t\t\t<\/div>\n\t\t\t\t\t<\/div>\n\t\t<\/div>\n\t\t\t\t\t\t\t\t<\/div>\n\t\t\t\t\t<\/div>\n\t\t<\/section>\n\t\t\t\t\t\t<\/div>\n\t\t\t\t\t\t<\/div>\n\t\t\t\t\t<\/div>\n\t\t","protected":false},"excerpt":{"rendered":"<p>Drittes Kapitel: Tumbas Kampf mit einem Mungo Bilder Informationen \u00fcber den Mungo Quelle: http:\/\/www.biologie-schule.de\/mungo-steckbrief.php Mungos sind von langgestrecktem und schlankem K\u00f6rperbau und besitzen sehr kurze Gliedma\u00dfen. Je nach Art erscheint das kurze Fell in unterschiedlichen Grau- oder Braunt\u00f6nen, wobei es auf der Bauchseite stets deutlich heller gef\u00e4rbt ist. Sie werden zwischen vierzig und sechzig Zentimeter [&hellip;]<\/p>\n","protected":false},"author":1,"featured_media":0,"parent":0,"menu_order":0,"comment_status":"closed","ping_status":"closed","template":"","meta":{"spay_email":""},"_links":{"self":[{"href":"http:\/\/tumba-online.de\/index.php?rest_route=\/wp\/v2\/pages\/120"}],"collection":[{"href":"http:\/\/tumba-online.de\/index.php?rest_route=\/wp\/v2\/pages"}],"about":[{"href":"http:\/\/tumba-online.de\/index.php?rest_route=\/wp\/v2\/types\/page"}],"author":[{"embeddable":true,"href":"http:\/\/tumba-online.de\/index.php?rest_route=\/wp\/v2\/users\/1"}],"replies":[{"embeddable":true,"href":"http:\/\/tumba-online.de\/index.php?rest_route=%2Fwp%2Fv2%2Fcomments&post=120"}],"version-history":[{"count":5,"href":"http:\/\/tumba-online.de\/index.php?rest_route=\/wp\/v2\/pages\/120\/revisions"}],"predecessor-version":[{"id":409,"href":"http:\/\/tumba-online.de\/index.php?rest_route=\/wp\/v2\/pages\/120\/revisions\/409"}],"wp:attachment":[{"href":"http:\/\/tumba-online.de\/index.php?rest_route=%2Fwp%2Fv2%2Fmedia&parent=120"}],"curies":[{"name":"wp","href":"https:\/\/api.w.org\/{rel}","templated":true}]}}