{"id":329,"date":"2020-04-06T20:30:16","date_gmt":"2020-04-06T20:30:16","guid":{"rendered":"http:\/\/tumba-online.de\/?page_id=329"},"modified":"2021-09-04T17:50:32","modified_gmt":"2021-09-04T17:50:32","slug":"kapitel-7","status":"publish","type":"page","link":"http:\/\/tumba-online.de\/?page_id=329","title":{"rendered":"Teil I &#8211; Kapitel 7"},"content":{"rendered":"\t\t<div data-elementor-type=\"wp-page\" data-elementor-id=\"329\" class=\"elementor elementor-329\" data-elementor-settings=\"[]\">\n\t\t\t\t\t\t<div class=\"elementor-inner\">\n\t\t\t\t\t\t\t<div class=\"elementor-section-wrap\">\n\t\t\t\t\t\t\t<section class=\"elementor-section elementor-top-section elementor-element elementor-element-9753ec1 elementor-section-boxed elementor-section-height-default elementor-section-height-default\" data-id=\"9753ec1\" data-element_type=\"section\">\n\t\t\t\t\t\t<div class=\"elementor-container elementor-column-gap-default\">\n\t\t\t\t\t\t\t<div class=\"elementor-row\">\n\t\t\t\t\t<div class=\"elementor-column elementor-col-100 elementor-top-column elementor-element elementor-element-00cb667\" data-id=\"00cb667\" data-element_type=\"column\">\n\t\t\t<div class=\"elementor-column-wrap elementor-element-populated\">\n\t\t\t\t\t\t\t<div class=\"elementor-widget-wrap\">\n\t\t\t\t\t\t<div class=\"elementor-element elementor-element-75faa14 elementor-widget elementor-widget-heading\" data-id=\"75faa14\" data-element_type=\"widget\" data-widget_type=\"heading.default\">\n\t\t\t\t<div class=\"elementor-widget-container\">\n\t\t\t<h2 class=\"elementor-heading-title elementor-size-xl\">Siebtes Kapitel: Tumba schlie\u00dft Freundschaft mit Pep<\/h2>\t\t<\/div>\n\t\t\t\t<\/div>\n\t\t\t\t<div class=\"elementor-element elementor-element-b473c3d elementor-widget elementor-widget-heading\" data-id=\"b473c3d\" data-element_type=\"widget\" data-widget_type=\"heading.default\">\n\t\t\t\t<div class=\"elementor-widget-container\">\n\t\t\t<h2 class=\"elementor-heading-title elementor-size-large\">Bilder<\/h2>\t\t<\/div>\n\t\t\t\t<\/div>\n\t\t\t\t\t\t<\/div>\n\t\t\t\t\t<\/div>\n\t\t<\/div>\n\t\t\t\t\t\t\t\t<\/div>\n\t\t\t\t\t<\/div>\n\t\t<\/section>\n\t\t\t\t<section class=\"elementor-section elementor-top-section elementor-element elementor-element-ddff469 elementor-section-boxed elementor-section-height-default elementor-section-height-default\" data-id=\"ddff469\" data-element_type=\"section\">\n\t\t\t\t\t\t<div class=\"elementor-container elementor-column-gap-default\">\n\t\t\t\t\t\t\t<div class=\"elementor-row\">\n\t\t\t\t\t<div class=\"elementor-column elementor-col-50 elementor-top-column elementor-element elementor-element-9ec9f30\" data-id=\"9ec9f30\" data-element_type=\"column\">\n\t\t\t<div class=\"elementor-column-wrap elementor-element-populated\">\n\t\t\t\t\t\t\t<div class=\"elementor-widget-wrap\">\n\t\t\t\t\t\t<div class=\"elementor-element elementor-element-d391954 elementor-widget elementor-widget-image\" data-id=\"d391954\" data-element_type=\"widget\" data-widget_type=\"image.default\">\n\t\t\t\t<div class=\"elementor-widget-container\">\n\t\t\t\t\t\t\t\t<div class=\"elementor-image\">\n\t\t\t\t\t\t\t\t\t<figure class=\"wp-caption\">\n\t\t\t\t\t\t\t\t\t\t<img src=\"http:\/\/tumba-online.de\/wp-content\/uploads\/elementor\/thumbs\/costa-rica-717805_960_720-oo06wldw7lu63umaigfzim7q820rvrguk0z1a1e9ds.jpg\" title=\"costa-rica-717805_960_720\" alt=\"Alligator\" \/>\t\t\t\t\t\t\t\t\t\t\t<figcaption class=\"widget-image-caption wp-caption-text\">Alligator<\/figcaption>\n\t\t\t\t\t\t\t\t\t\t<\/figure>\n\t\t\t\t\t\t\t\t<\/div>\n\t\t\t\t\t\t<\/div>\n\t\t\t\t<\/div>\n\t\t\t\t\t\t<\/div>\n\t\t\t\t\t<\/div>\n\t\t<\/div>\n\t\t\t\t<div class=\"elementor-column elementor-col-50 elementor-top-column elementor-element elementor-element-edfd575\" data-id=\"edfd575\" data-element_type=\"column\">\n\t\t\t<div class=\"elementor-column-wrap elementor-element-populated\">\n\t\t\t\t\t\t\t<div class=\"elementor-widget-wrap\">\n\t\t\t\t\t\t<div class=\"elementor-element elementor-element-979b330 elementor-widget elementor-widget-image\" data-id=\"979b330\" data-element_type=\"widget\" data-widget_type=\"image.default\">\n\t\t\t\t<div class=\"elementor-widget-container\">\n\t\t\t\t\t\t\t\t<div class=\"elementor-image\">\n\t\t\t\t\t\t\t\t\t\t\t\t<img width=\"276\" height=\"183\" src=\"http:\/\/tumba-online.de\/wp-content\/uploads\/2020\/04\/images-2.jpg\" class=\"attachment-medium size-medium\" alt=\"\" loading=\"lazy\" \/>\t\t\t\t\t\t\t\t\t\t\t\t\t\t<\/div>\n\t\t\t\t\t\t<\/div>\n\t\t\t\t<\/div>\n\t\t\t\t\t\t<\/div>\n\t\t\t\t\t<\/div>\n\t\t<\/div>\n\t\t\t\t\t\t\t\t<\/div>\n\t\t\t\t\t<\/div>\n\t\t<\/section>\n\t\t\t\t<section class=\"elementor-section elementor-top-section elementor-element elementor-element-845ff32 elementor-section-boxed elementor-section-height-default elementor-section-height-default\" data-id=\"845ff32\" data-element_type=\"section\">\n\t\t\t\t\t\t<div class=\"elementor-container elementor-column-gap-default\">\n\t\t\t\t\t\t\t<div class=\"elementor-row\">\n\t\t\t\t\t<div class=\"elementor-column elementor-col-100 elementor-top-column elementor-element elementor-element-e7178f2\" data-id=\"e7178f2\" data-element_type=\"column\">\n\t\t\t<div class=\"elementor-column-wrap elementor-element-populated\">\n\t\t\t\t\t\t\t<div class=\"elementor-widget-wrap\">\n\t\t\t\t\t\t<div class=\"elementor-element elementor-element-e1847f5 elementor-widget elementor-widget-spacer\" data-id=\"e1847f5\" data-element_type=\"widget\" data-widget_type=\"spacer.default\">\n\t\t\t\t<div class=\"elementor-widget-container\">\n\t\t\t\t\t<div class=\"elementor-spacer\">\n\t\t\t<div class=\"elementor-spacer-inner\"><\/div>\n\t\t<\/div>\n\t\t\t\t<\/div>\n\t\t\t\t<\/div>\n\t\t\t\t<div class=\"elementor-element elementor-element-7b82ae3 elementor-widget elementor-widget-heading\" data-id=\"7b82ae3\" data-element_type=\"widget\" data-widget_type=\"heading.default\">\n\t\t\t\t<div class=\"elementor-widget-container\">\n\t\t\t<h2 class=\"elementor-heading-title elementor-size-large\">Informationen<\/h2>\t\t<\/div>\n\t\t\t\t<\/div>\n\t\t\t\t<div class=\"elementor-element elementor-element-e780f63 elementor-widget elementor-widget-text-editor\" data-id=\"e780f63\" data-element_type=\"widget\" data-widget_type=\"text-editor.default\">\n\t\t\t\t<div class=\"elementor-widget-container\">\n\t\t\t\t\t\t\t\t<div class=\"elementor-text-editor elementor-clearfix\">\n\t\t\t\t<p><strong>Krokodil\u00a0oder\u00a0Alligator? <\/strong><\/p><p>In der Tier-Ordnung der Krokodile gibt es rund 25 Arten, die in drei Familien eingeteilt werden: Echte Krokodile, Alligatoren und Gaviale. Im Amazonasgebiet leben so genannte &#8218;Kaimane&#8216;, welche eine Unterart der Alligatoren sind. Grunds\u00e4tzlich gilt: Auch ein Alligator ist im Grunde ein Krokodil. Trotzdem m\u00f6chten wir die beiden Tier-Familien nat\u00fcrlich gerne unterscheiden k\u00f6nnen.<\/p><p>Um die beiden Reptilien zu unterscheiden, gibt ein paar einfache Tricks.<\/p>\t\t\t\t\t<\/div>\n\t\t\t\t\t\t<\/div>\n\t\t\t\t<\/div>\n\t\t\t\t<div class=\"elementor-element elementor-element-91328b9 elementor-widget elementor-widget-text-editor\" data-id=\"91328b9\" data-element_type=\"widget\" data-widget_type=\"text-editor.default\">\n\t\t\t\t<div class=\"elementor-widget-container\">\n\t\t\t\t\t\t\t\t<div class=\"elementor-text-editor elementor-clearfix\">\n\t\t\t\t<p>Diese \u00dcbersichtstabelle zeigt dir die wesentlichen Unterschiede zwischen <a href=\"https:\/\/www.tierchenwelt.de\/krokodile\/121-leistenkrokodil.html\">Krokodil\u00a0<\/a>und\u00a0<a href=\"https:\/\/www.tierchenwelt.de\/krokodile\/122-alligator.html\">Alligator\u00a0<\/a>auf einen Blick.<\/p><table width=\"1073\"><thead><tr><td><p><span style=\"text-decoration: underline;\"><strong>KROKODIL<\/strong><\/span><\/p><p>\u00a0<\/p><\/td><td><p><span style=\"text-decoration: underline;\"><strong>ALLIGATOR<\/strong><\/span><\/p><\/td><\/tr><\/thead><tbody><tr><td><p><strong>Schnauze<\/strong>: V-f\u00f6rmig<\/p><p><img loading=\"lazy\" class=\"alignnone size-medium wp-image-379\" src=\"http:\/\/tumba-online.de\/wp-content\/uploads\/2020\/04\/krokodil_schnauze_l-300x200.jpg\" alt=\"\" width=\"300\" height=\"200\" srcset=\"http:\/\/tumba-online.de\/wp-content\/uploads\/2020\/04\/krokodil_schnauze_l-300x200.jpg 300w, http:\/\/tumba-online.de\/wp-content\/uploads\/2020\/04\/krokodil_schnauze_l.jpg 720w\" sizes=\"(max-width: 300px) 100vw, 300px\" \/><\/p><\/td><td><p><strong>Schnauze<\/strong>: U-f\u00f6rmig<\/p><p><img loading=\"lazy\" class=\"alignnone size-medium wp-image-377\" src=\"http:\/\/tumba-online.de\/wp-content\/uploads\/2020\/04\/alligator_schnauze_l-300x200.jpg\" alt=\"\" width=\"300\" height=\"200\" srcset=\"http:\/\/tumba-online.de\/wp-content\/uploads\/2020\/04\/alligator_schnauze_l-300x200.jpg 300w, http:\/\/tumba-online.de\/wp-content\/uploads\/2020\/04\/alligator_schnauze_l.jpg 720w\" sizes=\"(max-width: 300px) 100vw, 300px\" \/><\/p><\/td><\/tr><tr><td><p><strong>Kopf<\/strong>: schmal<\/p><\/td><td><p><strong>Kopf<\/strong>: breit<\/p><\/td><\/tr><tr><td><p><strong>4. Zahn im Unterkiefer<\/strong>: sichtbar<\/p><p><img loading=\"lazy\" class=\"alignnone size-medium wp-image-380\" src=\"http:\/\/tumba-online.de\/wp-content\/uploads\/2020\/04\/krokodil_zaehne_l-300x200.jpg\" alt=\"\" width=\"300\" height=\"200\" srcset=\"http:\/\/tumba-online.de\/wp-content\/uploads\/2020\/04\/krokodil_zaehne_l-300x200.jpg 300w, http:\/\/tumba-online.de\/wp-content\/uploads\/2020\/04\/krokodil_zaehne_l.jpg 720w\" sizes=\"(max-width: 300px) 100vw, 300px\" \/><\/p><\/td><td><p><strong>4. Zahn im Unterkiefer<\/strong>: unsichtbar<\/p><p><img loading=\"lazy\" class=\"alignnone size-medium wp-image-378\" src=\"http:\/\/tumba-online.de\/wp-content\/uploads\/2020\/04\/alligator_zaehne_l-300x200.jpg\" alt=\"\" width=\"300\" height=\"200\" srcset=\"http:\/\/tumba-online.de\/wp-content\/uploads\/2020\/04\/alligator_zaehne_l-300x200.jpg 300w, http:\/\/tumba-online.de\/wp-content\/uploads\/2020\/04\/alligator_zaehne_l.jpg 720w\" sizes=\"(max-width: 300px) 100vw, 300px\" \/><\/p><\/td><\/tr><tr><td><p><strong>Lebt in<\/strong>: Salz- und S\u00fc\u00dfwasser<\/p><\/td><td><p><strong>Lebt in<\/strong>: S\u00fc\u00dfwasser<\/p><\/td><\/tr><tr><td><p><strong>Haut<\/strong>: eher hell<\/p><\/td><td><p><strong>Haut<\/strong>: eher dunkel<\/p><\/td><\/tr><tr><td><p><strong>Lebensraum<\/strong>: \u00fcberall<\/p><\/td><td><p><strong>Lebensraum<\/strong>: nur USA und China\u00a0 \u00a0 \u00a0 \u00a0 \u00a0 \u00a0 \u00a0 \u00a0 \u00a0 \u00a0 \u00a0\u00a0<\/p><\/td><\/tr><\/tbody><\/table><h1>\u00a0\u00a0\u00a0\u00a0<\/h1>\t\t\t\t\t<\/div>\n\t\t\t\t\t\t<\/div>\n\t\t\t\t<\/div>\n\t\t\t\t\t\t<\/div>\n\t\t\t\t\t<\/div>\n\t\t<\/div>\n\t\t\t\t\t\t\t\t<\/div>\n\t\t\t\t\t<\/div>\n\t\t<\/section>\n\t\t\t\t<section class=\"elementor-section elementor-top-section elementor-element elementor-element-4cd2152 elementor-section-boxed elementor-section-height-default elementor-section-height-default\" data-id=\"4cd2152\" data-element_type=\"section\">\n\t\t\t\t\t\t<div class=\"elementor-container elementor-column-gap-default\">\n\t\t\t\t\t\t\t<div class=\"elementor-row\">\n\t\t\t\t\t<div class=\"elementor-column elementor-col-100 elementor-top-column elementor-element elementor-element-c8e51e0\" data-id=\"c8e51e0\" data-element_type=\"column\">\n\t\t\t<div class=\"elementor-column-wrap elementor-element-populated\">\n\t\t\t\t\t\t\t<div class=\"elementor-widget-wrap\">\n\t\t\t\t\t\t<div class=\"elementor-element elementor-element-b48c526 elementor-widget elementor-widget-heading\" data-id=\"b48c526\" data-element_type=\"widget\" data-widget_type=\"heading.default\">\n\t\t\t\t<div class=\"elementor-widget-container\">\n\t\t\t<h2 class=\"elementor-heading-title elementor-size-large\">Interaktiv<\/h2>\t\t<\/div>\n\t\t\t\t<\/div>\n\t\t\t\t<div class=\"elementor-element elementor-element-a7bb2af elementor-widget elementor-widget-text-editor\" data-id=\"a7bb2af\" data-element_type=\"widget\" data-widget_type=\"text-editor.default\">\n\t\t\t\t<div class=\"elementor-widget-container\">\n\t\t\t\t\t\t\t\t<div class=\"elementor-text-editor elementor-clearfix\">\n\t\t\t\t<p><strong><span style=\"text-decoration: underline;\"><a href=\"http:\/\/tumba-online.de\/wp-content\/uploads\/2021\/09\/Finde-es-heraus-Krokodil-oder-Aligator-1.pdf\">Hier<\/a><\/span> <\/strong>findet ihr eine PDF Datei mit einem kleinen R\u00e4tsel.<\/p><p>Alligator oder Krokodil? findet es heraus!<\/p>\t\t\t\t\t<\/div>\n\t\t\t\t\t\t<\/div>\n\t\t\t\t<\/div>\n\t\t\t\t<div class=\"elementor-element elementor-element-fa79393 elementor-widget elementor-widget-shortcode\" data-id=\"fa79393\" data-element_type=\"widget\" data-widget_type=\"shortcode.default\">\n\t\t\t\t<div class=\"elementor-widget-container\">\n\t\t\t\t\t<div class=\"elementor-shortcode\"><div class=\"su-document su-u-responsive-media-yes\"><iframe loading=\"lazy\" src=\"\/\/docs.google.com\/viewer?embedded=true&url=http:\/\/tumba-online.de\/wp-content\/uploads\/2021\/09\/Finde-es-heraus-Krokodil-oder-Aligator-1.pdf\" width=\"600\" height=\"600\" class=\"su-document\" title=\"\"><\/iframe><\/div><\/div>\n\t\t\t\t<\/div>\n\t\t\t\t<\/div>\n\t\t\t\t\t\t<\/div>\n\t\t\t\t\t<\/div>\n\t\t<\/div>\n\t\t\t\t\t\t\t\t<\/div>\n\t\t\t\t\t<\/div>\n\t\t<\/section>\n\t\t\t\t\t\t<\/div>\n\t\t\t\t\t\t<\/div>\n\t\t\t\t\t<\/div>\n\t\t","protected":false},"excerpt":{"rendered":"<p>Siebtes Kapitel: Tumba schlie\u00dft Freundschaft mit Pep Bilder Alligator Informationen Krokodil\u00a0oder\u00a0Alligator? In der Tier-Ordnung der Krokodile gibt es rund 25 Arten, die in drei Familien eingeteilt werden: Echte Krokodile, Alligatoren und Gaviale. Im Amazonasgebiet leben so genannte &#8218;Kaimane&#8216;, welche eine Unterart der Alligatoren sind. Grunds\u00e4tzlich gilt: Auch ein Alligator ist im Grunde ein Krokodil. Trotzdem [&hellip;]<\/p>\n","protected":false},"author":1,"featured_media":0,"parent":0,"menu_order":0,"comment_status":"closed","ping_status":"closed","template":"","meta":{"spay_email":""},"_links":{"self":[{"href":"http:\/\/tumba-online.de\/index.php?rest_route=\/wp\/v2\/pages\/329"}],"collection":[{"href":"http:\/\/tumba-online.de\/index.php?rest_route=\/wp\/v2\/pages"}],"about":[{"href":"http:\/\/tumba-online.de\/index.php?rest_route=\/wp\/v2\/types\/page"}],"author":[{"embeddable":true,"href":"http:\/\/tumba-online.de\/index.php?rest_route=\/wp\/v2\/users\/1"}],"replies":[{"embeddable":true,"href":"http:\/\/tumba-online.de\/index.php?rest_route=%2Fwp%2Fv2%2Fcomments&post=329"}],"version-history":[{"count":8,"href":"http:\/\/tumba-online.de\/index.php?rest_route=\/wp\/v2\/pages\/329\/revisions"}],"predecessor-version":[{"id":873,"href":"http:\/\/tumba-online.de\/index.php?rest_route=\/wp\/v2\/pages\/329\/revisions\/873"}],"wp:attachment":[{"href":"http:\/\/tumba-online.de\/index.php?rest_route=%2Fwp%2Fv2%2Fmedia&parent=329"}],"curies":[{"name":"wp","href":"https:\/\/api.w.org\/{rel}","templated":true}]}}