{"id":447,"date":"2020-04-30T09:26:29","date_gmt":"2020-04-30T09:26:29","guid":{"rendered":"http:\/\/tumba-online.de\/?page_id=447"},"modified":"2020-05-06T06:33:29","modified_gmt":"2020-05-06T06:33:29","slug":"teil-ii-kapitel-5","status":"publish","type":"page","link":"http:\/\/tumba-online.de\/?page_id=447","title":{"rendered":"Teil II &#8211; Kapitel 5"},"content":{"rendered":"\t\t<div data-elementor-type=\"wp-page\" data-elementor-id=\"447\" class=\"elementor elementor-447\" data-elementor-settings=\"[]\">\n\t\t\t\t\t\t<div class=\"elementor-inner\">\n\t\t\t\t\t\t\t<div class=\"elementor-section-wrap\">\n\t\t\t\t\t\t\t<section class=\"elementor-section elementor-top-section elementor-element elementor-element-5df96a1 elementor-section-boxed elementor-section-height-default elementor-section-height-default\" data-id=\"5df96a1\" data-element_type=\"section\">\n\t\t\t\t\t\t<div class=\"elementor-container elementor-column-gap-default\">\n\t\t\t\t\t\t\t<div class=\"elementor-row\">\n\t\t\t\t\t<div class=\"elementor-column elementor-col-66 elementor-top-column elementor-element elementor-element-f1823f5\" data-id=\"f1823f5\" data-element_type=\"column\">\n\t\t\t<div class=\"elementor-column-wrap elementor-element-populated\">\n\t\t\t\t\t\t\t<div class=\"elementor-widget-wrap\">\n\t\t\t\t\t\t<div class=\"elementor-element elementor-element-0704c73 elementor-widget elementor-widget-heading\" data-id=\"0704c73\" data-element_type=\"widget\" data-widget_type=\"heading.default\">\n\t\t\t\t<div class=\"elementor-widget-container\">\n\t\t\t<h2 class=\"elementor-heading-title elementor-size-xl\">F\u00fcnftes Kapitel: Tumba und Pep fahren                                       mit dem Indiozug nach Machu Picchu<\/h2>\t\t<\/div>\n\t\t\t\t<\/div>\n\t\t\t\t\t\t<\/div>\n\t\t\t\t\t<\/div>\n\t\t<\/div>\n\t\t\t\t<div class=\"elementor-column elementor-col-33 elementor-top-column elementor-element elementor-element-cf1048c\" data-id=\"cf1048c\" data-element_type=\"column\">\n\t\t\t<div class=\"elementor-column-wrap elementor-element-populated\">\n\t\t\t\t\t\t\t<div class=\"elementor-widget-wrap\">\n\t\t\t\t\t\t<div class=\"elementor-element elementor-element-5ad115f elementor-widget elementor-widget-image\" data-id=\"5ad115f\" data-element_type=\"widget\" data-widget_type=\"image.default\">\n\t\t\t\t<div class=\"elementor-widget-container\">\n\t\t\t\t\t\t\t\t<div class=\"elementor-image\">\n\t\t\t\t\t\t\t\t\t\t\t\t\t<a href=\"http:\/\/tumba-online.de\/wp-content\/uploads\/2020\/04\/Cuzcom-MP.png\" data-elementor-open-lightbox=\"yes\" data-elementor-lightbox-title=\"Cuzcom MP\">\n\t\t\t\t\t\t\t<img src=\"http:\/\/tumba-online.de\/wp-content\/uploads\/elementor\/thumbs\/Cuzcom-MP-ooti0bq50c86uqr4up62cu8l48w3qkra6fi43yni6o.png\" title=\"Cuzcom MP\" alt=\"Cuzcom MP\" class=\"elementor-animation-grow\" \/>\t\t\t\t\t\t\t\t<\/a>\n\t\t\t\t\t\t\t\t\t\t\t\t\t\t<\/div>\n\t\t\t\t\t\t<\/div>\n\t\t\t\t<\/div>\n\t\t\t\t\t\t<\/div>\n\t\t\t\t\t<\/div>\n\t\t<\/div>\n\t\t\t\t\t\t\t\t<\/div>\n\t\t\t\t\t<\/div>\n\t\t<\/section>\n\t\t\t\t<section class=\"elementor-section elementor-top-section elementor-element elementor-element-382a72e elementor-section-boxed elementor-section-height-default elementor-section-height-default\" data-id=\"382a72e\" data-element_type=\"section\">\n\t\t\t\t\t\t<div class=\"elementor-container elementor-column-gap-default\">\n\t\t\t\t\t\t\t<div class=\"elementor-row\">\n\t\t\t\t\t<div class=\"elementor-column elementor-col-100 elementor-top-column elementor-element elementor-element-a15537b\" data-id=\"a15537b\" data-element_type=\"column\">\n\t\t\t<div class=\"elementor-column-wrap elementor-element-populated\">\n\t\t\t\t\t\t\t<div class=\"elementor-widget-wrap\">\n\t\t\t\t\t\t<div class=\"elementor-element elementor-element-9ac28f9 elementor-widget elementor-widget-heading\" data-id=\"9ac28f9\" data-element_type=\"widget\" data-widget_type=\"heading.default\">\n\t\t\t\t<div class=\"elementor-widget-container\">\n\t\t\t<h2 class=\"elementor-heading-title elementor-size-large\">Bilder<\/h2>\t\t<\/div>\n\t\t\t\t<\/div>\n\t\t\t\t<div class=\"elementor-element elementor-element-2e24044 elementor-widget elementor-widget-heading\" data-id=\"2e24044\" data-element_type=\"widget\" data-widget_type=\"heading.default\">\n\t\t\t\t<div class=\"elementor-widget-container\">\n\t\t\t<h2 class=\"elementor-heading-title elementor-size-default\">Cuzco<\/h2>\t\t<\/div>\n\t\t\t\t<\/div>\n\t\t\t\t<div class=\"elementor-element elementor-element-2729d52 elementor-widget elementor-widget-image\" data-id=\"2729d52\" data-element_type=\"widget\" data-widget_type=\"image.default\">\n\t\t\t\t<div class=\"elementor-widget-container\">\n\t\t\t\t\t\t\t\t<div class=\"elementor-image\">\n\t\t\t\t\t\t\t\t\t\t\t\t<img width=\"1024\" height=\"420\" src=\"http:\/\/tumba-online.de\/wp-content\/uploads\/2020\/04\/Cuzco_D\u00e9cembre_2007_-_Panorama_1-1024x420.jpg\" class=\"attachment-large size-large\" alt=\"\" loading=\"lazy\" srcset=\"http:\/\/tumba-online.de\/wp-content\/uploads\/2020\/04\/Cuzco_D\u00e9cembre_2007_-_Panorama_1-1024x420.jpg 1024w, http:\/\/tumba-online.de\/wp-content\/uploads\/2020\/04\/Cuzco_D\u00e9cembre_2007_-_Panorama_1-300x123.jpg 300w, http:\/\/tumba-online.de\/wp-content\/uploads\/2020\/04\/Cuzco_D\u00e9cembre_2007_-_Panorama_1-768x315.jpg 768w, http:\/\/tumba-online.de\/wp-content\/uploads\/2020\/04\/Cuzco_D\u00e9cembre_2007_-_Panorama_1-1536x629.jpg 1536w, http:\/\/tumba-online.de\/wp-content\/uploads\/2020\/04\/Cuzco_D\u00e9cembre_2007_-_Panorama_1-2048x839.jpg 2048w\" sizes=\"(max-width: 1024px) 100vw, 1024px\" \/>\t\t\t\t\t\t\t\t\t\t\t\t\t\t<\/div>\n\t\t\t\t\t\t<\/div>\n\t\t\t\t<\/div>\n\t\t\t\t<div class=\"elementor-element elementor-element-7ba2f85 elementor-widget elementor-widget-heading\" data-id=\"7ba2f85\" data-element_type=\"widget\" data-widget_type=\"heading.default\">\n\t\t\t\t<div class=\"elementor-widget-container\">\n\t\t\t<h2 class=\"elementor-heading-title elementor-size-default\">Markt<\/h2>\t\t<\/div>\n\t\t\t\t<\/div>\n\t\t\t\t\t\t<\/div>\n\t\t\t\t\t<\/div>\n\t\t<\/div>\n\t\t\t\t\t\t\t\t<\/div>\n\t\t\t\t\t<\/div>\n\t\t<\/section>\n\t\t\t\t<section class=\"elementor-section elementor-top-section elementor-element elementor-element-4d21083 elementor-section-boxed elementor-section-height-default elementor-section-height-default\" data-id=\"4d21083\" data-element_type=\"section\">\n\t\t\t\t\t\t<div class=\"elementor-container elementor-column-gap-default\">\n\t\t\t\t\t\t\t<div class=\"elementor-row\">\n\t\t\t\t\t<div class=\"elementor-column elementor-col-50 elementor-top-column elementor-element elementor-element-519c217\" data-id=\"519c217\" data-element_type=\"column\">\n\t\t\t<div class=\"elementor-column-wrap elementor-element-populated\">\n\t\t\t\t\t\t\t<div class=\"elementor-widget-wrap\">\n\t\t\t\t\t\t<div class=\"elementor-element elementor-element-8ff5c9b elementor-widget elementor-widget-image\" data-id=\"8ff5c9b\" data-element_type=\"widget\" data-widget_type=\"image.default\">\n\t\t\t\t<div class=\"elementor-widget-container\">\n\t\t\t\t\t\t\t\t<div class=\"elementor-image\">\n\t\t\t\t\t\t\t\t\t\t\t\t<img width=\"275\" height=\"183\" src=\"http:\/\/tumba-online.de\/wp-content\/uploads\/2020\/04\/1.jpg\" class=\"attachment-large size-large\" alt=\"\" loading=\"lazy\" \/>\t\t\t\t\t\t\t\t\t\t\t\t\t\t<\/div>\n\t\t\t\t\t\t<\/div>\n\t\t\t\t<\/div>\n\t\t\t\t\t\t<\/div>\n\t\t\t\t\t<\/div>\n\t\t<\/div>\n\t\t\t\t<div class=\"elementor-column elementor-col-50 elementor-top-column elementor-element elementor-element-e68cfff\" data-id=\"e68cfff\" data-element_type=\"column\">\n\t\t\t<div class=\"elementor-column-wrap elementor-element-populated\">\n\t\t\t\t\t\t\t<div class=\"elementor-widget-wrap\">\n\t\t\t\t\t\t<div class=\"elementor-element elementor-element-3e5f3cd elementor-widget elementor-widget-image\" data-id=\"3e5f3cd\" data-element_type=\"widget\" data-widget_type=\"image.default\">\n\t\t\t\t<div class=\"elementor-widget-container\">\n\t\t\t\t\t\t\t\t<div class=\"elementor-image\">\n\t\t\t\t\t\t\t\t\t\t\t\t<img width=\"254\" height=\"199\" src=\"http:\/\/tumba-online.de\/wp-content\/uploads\/2020\/04\/2.jpg\" class=\"attachment-large size-large\" alt=\"\" loading=\"lazy\" \/>\t\t\t\t\t\t\t\t\t\t\t\t\t\t<\/div>\n\t\t\t\t\t\t<\/div>\n\t\t\t\t<\/div>\n\t\t\t\t\t\t<\/div>\n\t\t\t\t\t<\/div>\n\t\t<\/div>\n\t\t\t\t\t\t\t\t<\/div>\n\t\t\t\t\t<\/div>\n\t\t<\/section>\n\t\t\t\t<section class=\"elementor-section elementor-top-section elementor-element elementor-element-b77ffcd elementor-section-boxed elementor-section-height-default elementor-section-height-default\" data-id=\"b77ffcd\" data-element_type=\"section\">\n\t\t\t\t\t\t<div class=\"elementor-container elementor-column-gap-default\">\n\t\t\t\t\t\t\t<div class=\"elementor-row\">\n\t\t\t\t\t<div class=\"elementor-column elementor-col-50 elementor-top-column elementor-element elementor-element-1524743\" data-id=\"1524743\" data-element_type=\"column\">\n\t\t\t<div class=\"elementor-column-wrap elementor-element-populated\">\n\t\t\t\t\t\t\t<div class=\"elementor-widget-wrap\">\n\t\t\t\t\t\t<div class=\"elementor-element elementor-element-444e241 elementor-widget elementor-widget-heading\" data-id=\"444e241\" data-element_type=\"widget\" data-widget_type=\"heading.default\">\n\t\t\t\t<div class=\"elementor-widget-container\">\n\t\t\t<h2 class=\"elementor-heading-title elementor-size-default\">Urubambafluss<\/h2>\t\t<\/div>\n\t\t\t\t<\/div>\n\t\t\t\t<div class=\"elementor-element elementor-element-336a28e elementor-widget elementor-widget-image\" data-id=\"336a28e\" data-element_type=\"widget\" data-widget_type=\"image.default\">\n\t\t\t\t<div class=\"elementor-widget-container\">\n\t\t\t\t\t\t\t\t<div class=\"elementor-image\">\n\t\t\t\t\t\t\t\t\t\t\t\t<img width=\"1024\" height=\"768\" src=\"http:\/\/tumba-online.de\/wp-content\/uploads\/2020\/04\/9.jpg\" class=\"attachment-large size-large\" alt=\"\" loading=\"lazy\" srcset=\"http:\/\/tumba-online.de\/wp-content\/uploads\/2020\/04\/9.jpg 1024w, http:\/\/tumba-online.de\/wp-content\/uploads\/2020\/04\/9-300x225.jpg 300w, http:\/\/tumba-online.de\/wp-content\/uploads\/2020\/04\/9-768x576.jpg 768w\" sizes=\"(max-width: 1024px) 100vw, 1024px\" \/>\t\t\t\t\t\t\t\t\t\t\t\t\t\t<\/div>\n\t\t\t\t\t\t<\/div>\n\t\t\t\t<\/div>\n\t\t\t\t\t\t<\/div>\n\t\t\t\t\t<\/div>\n\t\t<\/div>\n\t\t\t\t<div class=\"elementor-column elementor-col-50 elementor-top-column elementor-element elementor-element-562bb5e\" data-id=\"562bb5e\" data-element_type=\"column\">\n\t\t\t<div class=\"elementor-column-wrap elementor-element-populated\">\n\t\t\t\t\t\t\t<div class=\"elementor-widget-wrap\">\n\t\t\t\t\t\t<div class=\"elementor-element elementor-element-16352ae elementor-widget elementor-widget-heading\" data-id=\"16352ae\" data-element_type=\"widget\" data-widget_type=\"heading.default\">\n\t\t\t\t<div class=\"elementor-widget-container\">\n\t\t\t<h2 class=\"elementor-heading-title elementor-size-default\">Urubambatal<\/h2>\t\t<\/div>\n\t\t\t\t<\/div>\n\t\t\t\t<div class=\"elementor-element elementor-element-59e5a42 elementor-widget elementor-widget-image\" data-id=\"59e5a42\" data-element_type=\"widget\" data-widget_type=\"image.default\">\n\t\t\t\t<div class=\"elementor-widget-container\">\n\t\t\t\t\t\t\t\t<div class=\"elementor-image\">\n\t\t\t\t\t\t\t\t\t\t\t\t<img width=\"1024\" height=\"768\" src=\"http:\/\/tumba-online.de\/wp-content\/uploads\/2020\/04\/Blick_vom_Machu_Picchu_ins_Urubambatal_-_panoramio-1024x768.jpg\" class=\"attachment-large size-large\" alt=\"\" loading=\"lazy\" srcset=\"http:\/\/tumba-online.de\/wp-content\/uploads\/2020\/04\/Blick_vom_Machu_Picchu_ins_Urubambatal_-_panoramio-1024x768.jpg 1024w, http:\/\/tumba-online.de\/wp-content\/uploads\/2020\/04\/Blick_vom_Machu_Picchu_ins_Urubambatal_-_panoramio-300x225.jpg 300w, http:\/\/tumba-online.de\/wp-content\/uploads\/2020\/04\/Blick_vom_Machu_Picchu_ins_Urubambatal_-_panoramio-768x576.jpg 768w, http:\/\/tumba-online.de\/wp-content\/uploads\/2020\/04\/Blick_vom_Machu_Picchu_ins_Urubambatal_-_panoramio-1536x1152.jpg 1536w, http:\/\/tumba-online.de\/wp-content\/uploads\/2020\/04\/Blick_vom_Machu_Picchu_ins_Urubambatal_-_panoramio.jpg 1600w\" sizes=\"(max-width: 1024px) 100vw, 1024px\" \/>\t\t\t\t\t\t\t\t\t\t\t\t\t\t<\/div>\n\t\t\t\t\t\t<\/div>\n\t\t\t\t<\/div>\n\t\t\t\t\t\t<\/div>\n\t\t\t\t\t<\/div>\n\t\t<\/div>\n\t\t\t\t\t\t\t\t<\/div>\n\t\t\t\t\t<\/div>\n\t\t<\/section>\n\t\t\t\t<section class=\"elementor-section elementor-top-section elementor-element elementor-element-8db2099 elementor-section-boxed elementor-section-height-default elementor-section-height-default\" data-id=\"8db2099\" data-element_type=\"section\">\n\t\t\t\t\t\t<div class=\"elementor-container elementor-column-gap-default\">\n\t\t\t\t\t\t\t<div class=\"elementor-row\">\n\t\t\t\t\t<div class=\"elementor-column elementor-col-50 elementor-top-column elementor-element elementor-element-8d7d6eb\" data-id=\"8d7d6eb\" data-element_type=\"column\">\n\t\t\t<div class=\"elementor-column-wrap elementor-element-populated\">\n\t\t\t\t\t\t\t<div class=\"elementor-widget-wrap\">\n\t\t\t\t\t\t<div class=\"elementor-element elementor-element-ce672e7 elementor-widget elementor-widget-heading\" data-id=\"ce672e7\" data-element_type=\"widget\" data-widget_type=\"heading.default\">\n\t\t\t\t<div class=\"elementor-widget-container\">\n\t\t\t<h2 class=\"elementor-heading-title elementor-size-default\">Indiozug<\/h2>\t\t<\/div>\n\t\t\t\t<\/div>\n\t\t\t\t<div class=\"elementor-element elementor-element-c654165 elementor-widget elementor-widget-image\" data-id=\"c654165\" data-element_type=\"widget\" data-widget_type=\"image.default\">\n\t\t\t\t<div class=\"elementor-widget-container\">\n\t\t\t\t\t\t\t\t<div class=\"elementor-image\">\n\t\t\t\t\t\t\t\t\t\t\t\t<img src=\"http:\/\/tumba-online.de\/wp-content\/uploads\/elementor\/thumbs\/43-PeruRail-train-Aguas-Calientes-station-ooti0631fmhjvl55wqo3kp3175bnlvl7p4gmojppfk.jpg\" title=\"43-PeruRail-train-Aguas-Calientes-station\" alt=\"43-PeruRail-train-Aguas-Calientes-station\" \/>\t\t\t\t\t\t\t\t\t\t\t\t\t\t<\/div>\n\t\t\t\t\t\t<\/div>\n\t\t\t\t<\/div>\n\t\t\t\t\t\t<\/div>\n\t\t\t\t\t<\/div>\n\t\t<\/div>\n\t\t\t\t<div class=\"elementor-column elementor-col-50 elementor-top-column elementor-element elementor-element-60c76cc\" data-id=\"60c76cc\" data-element_type=\"column\">\n\t\t\t<div class=\"elementor-column-wrap elementor-element-populated\">\n\t\t\t\t\t\t\t<div class=\"elementor-widget-wrap\">\n\t\t\t\t\t\t<div class=\"elementor-element elementor-element-9df0e11 elementor-widget elementor-widget-heading\" data-id=\"9df0e11\" data-element_type=\"widget\" data-widget_type=\"heading.default\">\n\t\t\t\t<div class=\"elementor-widget-container\">\n\t\t\t<h2 class=\"elementor-heading-title elementor-size-default\">Stra\u00dfe zum Hotel Machu Picchu<\/h2>\t\t<\/div>\n\t\t\t\t<\/div>\n\t\t\t\t<div class=\"elementor-element elementor-element-85ede5e elementor-widget elementor-widget-image\" data-id=\"85ede5e\" data-element_type=\"widget\" data-widget_type=\"image.default\">\n\t\t\t\t<div class=\"elementor-widget-container\">\n\t\t\t\t\t\t\t\t<div class=\"elementor-image\">\n\t\t\t\t\t\t\t\t\t\t\t\t<img width=\"440\" height=\"343\" src=\"http:\/\/tumba-online.de\/wp-content\/uploads\/2020\/04\/machu-picchu-baukunst.jpg\" class=\"attachment-full size-full\" alt=\"\" loading=\"lazy\" srcset=\"http:\/\/tumba-online.de\/wp-content\/uploads\/2020\/04\/machu-picchu-baukunst.jpg 440w, http:\/\/tumba-online.de\/wp-content\/uploads\/2020\/04\/machu-picchu-baukunst-300x234.jpg 300w\" sizes=\"(max-width: 440px) 100vw, 440px\" \/>\t\t\t\t\t\t\t\t\t\t\t\t\t\t<\/div>\n\t\t\t\t\t\t<\/div>\n\t\t\t\t<\/div>\n\t\t\t\t\t\t<\/div>\n\t\t\t\t\t<\/div>\n\t\t<\/div>\n\t\t\t\t\t\t\t\t<\/div>\n\t\t\t\t\t<\/div>\n\t\t<\/section>\n\t\t\t\t<section class=\"elementor-section elementor-top-section elementor-element elementor-element-bcbe1fd elementor-section-boxed elementor-section-height-default elementor-section-height-default\" data-id=\"bcbe1fd\" data-element_type=\"section\">\n\t\t\t\t\t\t<div class=\"elementor-container elementor-column-gap-default\">\n\t\t\t\t\t\t\t<div class=\"elementor-row\">\n\t\t\t\t\t<div class=\"elementor-column elementor-col-50 elementor-top-column elementor-element elementor-element-cf731bd\" data-id=\"cf731bd\" data-element_type=\"column\">\n\t\t\t<div class=\"elementor-column-wrap elementor-element-populated\">\n\t\t\t\t\t\t\t<div class=\"elementor-widget-wrap\">\n\t\t\t\t\t\t<div class=\"elementor-element elementor-element-c28cc74 elementor-widget elementor-widget-heading\" data-id=\"c28cc74\" data-element_type=\"widget\" data-widget_type=\"heading.default\">\n\t\t\t\t<div class=\"elementor-widget-container\">\n\t\t\t<h2 class=\"elementor-heading-title elementor-size-default\">Meerschweinchen...<\/h2>\t\t<\/div>\n\t\t\t\t<\/div>\n\t\t\t\t<div class=\"elementor-element elementor-element-7c387b7 elementor-widget elementor-widget-image\" data-id=\"7c387b7\" data-element_type=\"widget\" data-widget_type=\"image.default\">\n\t\t\t\t<div class=\"elementor-widget-container\">\n\t\t\t\t\t\t\t\t<div class=\"elementor-image\">\n\t\t\t\t\t\t\t\t\t\t\t\t<img src=\"http:\/\/tumba-online.de\/wp-content\/uploads\/elementor\/thumbs\/guinea-pig-2513178_960_720-op3wbug76jnjc0n2zlrpkbd53jxmzak5u56ce5rkzk.jpg\" title=\"guinea-pig-2513178_960_720\" alt=\"guinea-pig-2513178_960_720\" \/>\t\t\t\t\t\t\t\t\t\t\t\t\t\t<\/div>\n\t\t\t\t\t\t<\/div>\n\t\t\t\t<\/div>\n\t\t\t\t\t\t<\/div>\n\t\t\t\t\t<\/div>\n\t\t<\/div>\n\t\t\t\t<div class=\"elementor-column elementor-col-50 elementor-top-column elementor-element elementor-element-aaec27b\" data-id=\"aaec27b\" data-element_type=\"column\">\n\t\t\t<div class=\"elementor-column-wrap elementor-element-populated\">\n\t\t\t\t\t\t\t<div class=\"elementor-widget-wrap\">\n\t\t\t\t\t\t<div class=\"elementor-element elementor-element-274ce09 elementor-widget elementor-widget-heading\" data-id=\"274ce09\" data-element_type=\"widget\" data-widget_type=\"heading.default\">\n\t\t\t\t<div class=\"elementor-widget-container\">\n\t\t\t<h2 class=\"elementor-heading-title elementor-size-default\">... gegrillt<\/h2>\t\t<\/div>\n\t\t\t\t<\/div>\n\t\t\t\t<div class=\"elementor-element elementor-element-2205ae8 elementor-widget elementor-widget-image\" data-id=\"2205ae8\" data-element_type=\"widget\" data-widget_type=\"image.default\">\n\t\t\t\t<div class=\"elementor-widget-container\">\n\t\t\t\t\t\t\t\t<div class=\"elementor-image\">\n\t\t\t\t\t\t\t\t\t\t\t\t<img src=\"http:\/\/tumba-online.de\/wp-content\/uploads\/elementor\/thumbs\/Provinz_Imbabura_Ecu-ooti121jvzolobivajwou4qsitgd7jkxk4olpeyxhc.jpg\" title=\"Provinz_Imbabura_Ecu\" alt=\"Provinz_Imbabura_Ecu\" \/>\t\t\t\t\t\t\t\t\t\t\t\t\t\t<\/div>\n\t\t\t\t\t\t<\/div>\n\t\t\t\t<\/div>\n\t\t\t\t\t\t<\/div>\n\t\t\t\t\t<\/div>\n\t\t<\/div>\n\t\t\t\t\t\t\t\t<\/div>\n\t\t\t\t\t<\/div>\n\t\t<\/section>\n\t\t\t\t<section class=\"elementor-section elementor-top-section elementor-element elementor-element-e3f6b22 elementor-section-boxed elementor-section-height-default elementor-section-height-default\" data-id=\"e3f6b22\" data-element_type=\"section\">\n\t\t\t\t\t\t<div class=\"elementor-container elementor-column-gap-default\">\n\t\t\t\t\t\t\t<div class=\"elementor-row\">\n\t\t\t\t\t<div class=\"elementor-column elementor-col-100 elementor-top-column elementor-element elementor-element-b74e863\" data-id=\"b74e863\" data-element_type=\"column\">\n\t\t\t<div class=\"elementor-column-wrap elementor-element-populated\">\n\t\t\t\t\t\t\t<div class=\"elementor-widget-wrap\">\n\t\t\t\t\t\t<div class=\"elementor-element elementor-element-02d8c9f elementor-widget elementor-widget-spacer\" data-id=\"02d8c9f\" data-element_type=\"widget\" data-widget_type=\"spacer.default\">\n\t\t\t\t<div class=\"elementor-widget-container\">\n\t\t\t\t\t<div class=\"elementor-spacer\">\n\t\t\t<div class=\"elementor-spacer-inner\"><\/div>\n\t\t<\/div>\n\t\t\t\t<\/div>\n\t\t\t\t<\/div>\n\t\t\t\t<div class=\"elementor-element elementor-element-1bcbc49 elementor-widget elementor-widget-heading\" data-id=\"1bcbc49\" data-element_type=\"widget\" data-widget_type=\"heading.default\">\n\t\t\t\t<div class=\"elementor-widget-container\">\n\t\t\t<h2 class=\"elementor-heading-title elementor-size-large\">Informationen<\/h2>\t\t<\/div>\n\t\t\t\t<\/div>\n\t\t\t\t<div class=\"elementor-element elementor-element-b1e9ba3 elementor-widget elementor-widget-text-editor\" data-id=\"b1e9ba3\" data-element_type=\"widget\" data-widget_type=\"text-editor.default\">\n\t\t\t\t<div class=\"elementor-widget-container\">\n\t\t\t\t\t\t\t\t<div class=\"elementor-text-editor elementor-clearfix\">\n\t\t\t\t<p>Das Verh\u00e4ltnis der Menschen in den Andenl\u00e4ndern zu Meerschweinchen ist ein g\u00e4nzlich anderes als bei uns. Bei uns sind es ausschlie\u00dflich Haustiere. Dort sind es Nutztiere. das muss man sich immer wieder vor Augen f\u00fchren. Unter Cuy oder Riesenmeerschweinchen werden besonders gro\u00dfe Exemplare des Hausmeerschweinchens verstanden. Die Tiere werden als \u00a0Masttiere gehalten und wiegen zwischen zwei und drei Kilo. Zum Vergleich: Unsere Hausmeerschweinchen schaffen es bei reichhaltiger Ern\u00e4hrung auch mal auf etwa 1,5 Kilo. Ausgewachsene Cuys sind etwa 30 cm lang. Eine Ausnahme bilden die so genannten Cobayos, die sogar eine K\u00f6rperl\u00e4nge von 50 cm und ein Gewicht von 4 Kilo erreichen k\u00f6nnen. In der Regel bringen die verzehrten Meerschweinchen in Peru aber nur 500 bis 600 Gramm auf die Waage. Auf der Speisekarte stehen Meerschweinchen in der Andenregion in Peru, Bolivien, Ecuador und Kolumbien. Sie sind an die H\u00f6he gew\u00f6hnt und stellen als Nutztiere nur geringe Anforderungen, so dass Kleinbauern sie in St\u00e4llen oder sogar im Haus halten. Mit K\u00fcchenabf\u00e4llen gef\u00fcttert, dienen die Meerschweinchen vor allem der armen Bev\u00f6lkerung als preiswerter und wichtiger Fleischlieferant. Es ist eine eiwei\u00dfreiche Alltagsspeise, die vom Geschmack her an Kaninchen erinnern soll. Aber auch in Restaurants in den St\u00e4dten findet man Meerschweinchen auf der Speisekarte. Nachweislich werden Meerschweinchen in Lateinamerika etwa seit 900 v. Chr. gegessen.<\/p><p><span style=\"text-decoration: underline;\">Quelle: <a href=\"https:\/\/www.america-andina.de\/blog\/meerschweinchen-in-peru-ein-ganz-normales-gericht\/?cn-reloaded=1\">https:\/\/www.america-andina.de\/blog\/meerschweinchen-in-peru-ein-ganz-normales-gericht\/?cn-reloaded=1<\/a><\/span><\/p>\t\t\t\t\t<\/div>\n\t\t\t\t\t\t<\/div>\n\t\t\t\t<\/div>\n\t\t\t\t\t\t<\/div>\n\t\t\t\t\t<\/div>\n\t\t<\/div>\n\t\t\t\t\t\t\t\t<\/div>\n\t\t\t\t\t<\/div>\n\t\t<\/section>\n\t\t\t\t\t\t<\/div>\n\t\t\t\t\t\t<\/div>\n\t\t\t\t\t<\/div>\n\t\t","protected":false},"excerpt":{"rendered":"<p>F\u00fcnftes Kapitel: Tumba und Pep fahren mit dem Indiozug nach Machu Picchu Bilder Cuzco Markt Urubambafluss Urubambatal Indiozug Stra\u00dfe zum Hotel Machu Picchu Meerschweinchen&#8230; &#8230; gegrillt Informationen Das Verh\u00e4ltnis der Menschen in den Andenl\u00e4ndern zu Meerschweinchen ist ein g\u00e4nzlich anderes als bei uns. Bei uns sind es ausschlie\u00dflich Haustiere. Dort sind es Nutztiere. das muss [&hellip;]<\/p>\n","protected":false},"author":1,"featured_media":0,"parent":0,"menu_order":0,"comment_status":"closed","ping_status":"closed","template":"","meta":{"spay_email":""},"_links":{"self":[{"href":"http:\/\/tumba-online.de\/index.php?rest_route=\/wp\/v2\/pages\/447"}],"collection":[{"href":"http:\/\/tumba-online.de\/index.php?rest_route=\/wp\/v2\/pages"}],"about":[{"href":"http:\/\/tumba-online.de\/index.php?rest_route=\/wp\/v2\/types\/page"}],"author":[{"embeddable":true,"href":"http:\/\/tumba-online.de\/index.php?rest_route=\/wp\/v2\/users\/1"}],"replies":[{"embeddable":true,"href":"http:\/\/tumba-online.de\/index.php?rest_route=%2Fwp%2Fv2%2Fcomments&post=447"}],"version-history":[{"count":5,"href":"http:\/\/tumba-online.de\/index.php?rest_route=\/wp\/v2\/pages\/447\/revisions"}],"predecessor-version":[{"id":483,"href":"http:\/\/tumba-online.de\/index.php?rest_route=\/wp\/v2\/pages\/447\/revisions\/483"}],"wp:attachment":[{"href":"http:\/\/tumba-online.de\/index.php?rest_route=%2Fwp%2Fv2%2Fmedia&parent=447"}],"curies":[{"name":"wp","href":"https:\/\/api.w.org\/{rel}","templated":true}]}}