{"id":485,"date":"2020-05-06T11:14:36","date_gmt":"2020-05-06T11:14:36","guid":{"rendered":"http:\/\/tumba-online.de\/?page_id=485"},"modified":"2020-05-06T11:20:21","modified_gmt":"2020-05-06T11:20:21","slug":"teil-ii-kapitel-6","status":"publish","type":"page","link":"http:\/\/tumba-online.de\/?page_id=485","title":{"rendered":"Teil II &#8211; Kapitel 6"},"content":{"rendered":"\t\t<div data-elementor-type=\"wp-page\" data-elementor-id=\"485\" class=\"elementor elementor-485\" data-elementor-settings=\"[]\">\n\t\t\t\t\t\t<div class=\"elementor-inner\">\n\t\t\t\t\t\t\t<div class=\"elementor-section-wrap\">\n\t\t\t\t\t\t\t<section class=\"elementor-section elementor-top-section elementor-element elementor-element-06ac24d elementor-section-boxed elementor-section-height-default elementor-section-height-default\" data-id=\"06ac24d\" data-element_type=\"section\">\n\t\t\t\t\t\t<div class=\"elementor-container elementor-column-gap-default\">\n\t\t\t\t\t\t\t<div class=\"elementor-row\">\n\t\t\t\t\t<div class=\"elementor-column elementor-col-100 elementor-top-column elementor-element elementor-element-016b317\" data-id=\"016b317\" data-element_type=\"column\">\n\t\t\t<div class=\"elementor-column-wrap elementor-element-populated\">\n\t\t\t\t\t\t\t<div class=\"elementor-widget-wrap\">\n\t\t\t\t\t\t<div class=\"elementor-element elementor-element-a17fb54 elementor-widget elementor-widget-heading\" data-id=\"a17fb54\" data-element_type=\"widget\" data-widget_type=\"heading.default\">\n\t\t\t\t<div class=\"elementor-widget-container\">\n\t\t\t<h2 class=\"elementor-heading-title elementor-size-xl\">Sechstes Kapitel: Tumba und Pep besuchen Machu Picchu<\/h2>\t\t<\/div>\n\t\t\t\t<\/div>\n\t\t\t\t<div class=\"elementor-element elementor-element-d9b1c6f elementor-widget elementor-widget-heading\" data-id=\"d9b1c6f\" data-element_type=\"widget\" data-widget_type=\"heading.default\">\n\t\t\t\t<div class=\"elementor-widget-container\">\n\t\t\t<h2 class=\"elementor-heading-title elementor-size-large\">Bilder <\/h2>\t\t<\/div>\n\t\t\t\t<\/div>\n\t\t\t\t<div class=\"elementor-element elementor-element-f8117d0 elementor-widget elementor-widget-shortcode\" data-id=\"f8117d0\" data-element_type=\"widget\" data-widget_type=\"shortcode.default\">\n\t\t\t\t<div class=\"elementor-widget-container\">\n\t\t\t\t\t<div class=\"elementor-shortcode\"><div class=\"su-image-carousel  su-image-carousel-has-spacing su-image-carousel-crop su-image-carousel-crop-4-3 su-image-carousel-has-outline su-image-carousel-adaptive su-image-carousel-slides-style-photo su-image-carousel-controls-style-dark su-image-carousel-align-center\" style=\"max-width:500px\" data-flickity-options='{\"groupCells\":true,\"cellSelector\":\".su-image-carousel-item\",\"adaptiveHeight\":false,\"cellAlign\":\"left\",\"prevNextButtons\":true,\"pageDots\":true,\"autoPlay\":5000,\"imagesLoaded\":true,\"contain\":true,\"selectedAttraction\":0.025000000000000001387778780781445675529539585113525390625,\"friction\":0.2800000000000000266453525910037569701671600341796875}' id=\"su_image_carousel_69d744f31bc51\"><div class=\"su-image-carousel-item\"><div class=\"su-image-carousel-item-content\"><img width=\"1024\" height=\"425\" src=\"http:\/\/tumba-online.de\/wp-content\/uploads\/2020\/05\/1-1024x425.jpg\" class=\"\" alt=\"\" loading=\"lazy\" srcset=\"http:\/\/tumba-online.de\/wp-content\/uploads\/2020\/05\/1-1024x425.jpg 1024w, http:\/\/tumba-online.de\/wp-content\/uploads\/2020\/05\/1-300x125.jpg 300w, http:\/\/tumba-online.de\/wp-content\/uploads\/2020\/05\/1-768x319.jpg 768w, http:\/\/tumba-online.de\/wp-content\/uploads\/2020\/05\/1-1536x638.jpg 1536w, http:\/\/tumba-online.de\/wp-content\/uploads\/2020\/05\/1-2048x851.jpg 2048w\" sizes=\"(max-width: 1024px) 100vw, 1024px\" \/><\/div><\/div><div class=\"su-image-carousel-item\"><div class=\"su-image-carousel-item-content\"><img width=\"1024\" height=\"1024\" src=\"http:\/\/tumba-online.de\/wp-content\/uploads\/2020\/05\/2-1024x1024.jpg\" class=\"\" alt=\"\" loading=\"lazy\" srcset=\"http:\/\/tumba-online.de\/wp-content\/uploads\/2020\/05\/2-1024x1024.jpg 1024w, http:\/\/tumba-online.de\/wp-content\/uploads\/2020\/05\/2-300x300.jpg 300w, http:\/\/tumba-online.de\/wp-content\/uploads\/2020\/05\/2-150x150.jpg 150w, http:\/\/tumba-online.de\/wp-content\/uploads\/2020\/05\/2-768x768.jpg 768w, http:\/\/tumba-online.de\/wp-content\/uploads\/2020\/05\/2-1536x1536.jpg 1536w, http:\/\/tumba-online.de\/wp-content\/uploads\/2020\/05\/2-2048x2048.jpg 2048w\" sizes=\"(max-width: 1024px) 100vw, 1024px\" \/><\/div><\/div><div class=\"su-image-carousel-item\"><div class=\"su-image-carousel-item-content\"><img width=\"275\" height=\"183\" src=\"http:\/\/tumba-online.de\/wp-content\/uploads\/2020\/05\/3.jpg\" class=\"\" alt=\"\" loading=\"lazy\" \/><\/div><\/div><div class=\"su-image-carousel-item\"><div class=\"su-image-carousel-item-content\"><img width=\"191\" height=\"265\" src=\"http:\/\/tumba-online.de\/wp-content\/uploads\/2020\/05\/4.jpg\" class=\"\" alt=\"\" loading=\"lazy\" \/><\/div><\/div><div class=\"su-image-carousel-item\"><div class=\"su-image-carousel-item-content\"><img width=\"800\" height=\"600\" src=\"http:\/\/tumba-online.de\/wp-content\/uploads\/2020\/05\/5.jpg\" class=\"\" alt=\"\" loading=\"lazy\" srcset=\"http:\/\/tumba-online.de\/wp-content\/uploads\/2020\/05\/5.jpg 800w, http:\/\/tumba-online.de\/wp-content\/uploads\/2020\/05\/5-300x225.jpg 300w, http:\/\/tumba-online.de\/wp-content\/uploads\/2020\/05\/5-768x576.jpg 768w\" sizes=\"(max-width: 800px) 100vw, 800px\" \/><\/div><\/div><div class=\"su-image-carousel-item\"><div class=\"su-image-carousel-item-content\"><img width=\"255\" height=\"340\" src=\"http:\/\/tumba-online.de\/wp-content\/uploads\/2020\/05\/6.jpg\" class=\"\" alt=\"\" loading=\"lazy\" srcset=\"http:\/\/tumba-online.de\/wp-content\/uploads\/2020\/05\/6.jpg 255w, http:\/\/tumba-online.de\/wp-content\/uploads\/2020\/05\/6-225x300.jpg 225w\" sizes=\"(max-width: 255px) 100vw, 255px\" \/><\/div><\/div><div class=\"su-image-carousel-item\"><div class=\"su-image-carousel-item-content\"><img width=\"960\" height=\"540\" src=\"http:\/\/tumba-online.de\/wp-content\/uploads\/2020\/05\/7.jpg\" class=\"\" alt=\"\" loading=\"lazy\" srcset=\"http:\/\/tumba-online.de\/wp-content\/uploads\/2020\/05\/7.jpg 960w, http:\/\/tumba-online.de\/wp-content\/uploads\/2020\/05\/7-300x169.jpg 300w, http:\/\/tumba-online.de\/wp-content\/uploads\/2020\/05\/7-768x432.jpg 768w\" sizes=\"(max-width: 960px) 100vw, 960px\" \/><\/div><\/div><div class=\"su-image-carousel-item\"><div class=\"su-image-carousel-item-content\"><img width=\"259\" height=\"194\" src=\"http:\/\/tumba-online.de\/wp-content\/uploads\/2020\/05\/8.jpg\" class=\"\" alt=\"\" loading=\"lazy\" \/><\/div><\/div><div class=\"su-image-carousel-item\"><div class=\"su-image-carousel-item-content\"><img width=\"509\" height=\"340\" src=\"http:\/\/tumba-online.de\/wp-content\/uploads\/2020\/05\/9.jpg\" class=\"\" alt=\"\" loading=\"lazy\" srcset=\"http:\/\/tumba-online.de\/wp-content\/uploads\/2020\/05\/9.jpg 509w, http:\/\/tumba-online.de\/wp-content\/uploads\/2020\/05\/9-300x200.jpg 300w\" sizes=\"(max-width: 509px) 100vw, 509px\" \/><\/div><\/div><div class=\"su-image-carousel-item\"><div class=\"su-image-carousel-item-content\"><img width=\"275\" height=\"183\" src=\"http:\/\/tumba-online.de\/wp-content\/uploads\/2020\/05\/10.jpg\" class=\"\" alt=\"\" loading=\"lazy\" \/><\/div><\/div><div class=\"su-image-carousel-item\"><div class=\"su-image-carousel-item-content\"><img width=\"300\" height=\"400\" src=\"http:\/\/tumba-online.de\/wp-content\/uploads\/2020\/05\/11.jpg\" class=\"\" alt=\"\" loading=\"lazy\" srcset=\"http:\/\/tumba-online.de\/wp-content\/uploads\/2020\/05\/11.jpg 300w, http:\/\/tumba-online.de\/wp-content\/uploads\/2020\/05\/11-225x300.jpg 225w\" sizes=\"(max-width: 300px) 100vw, 300px\" \/><\/div><\/div><div class=\"su-image-carousel-item\"><div class=\"su-image-carousel-item-content\"><img width=\"918\" height=\"1024\" src=\"http:\/\/tumba-online.de\/wp-content\/uploads\/2020\/05\/12-918x1024.jpg\" class=\"\" alt=\"\" loading=\"lazy\" srcset=\"http:\/\/tumba-online.de\/wp-content\/uploads\/2020\/05\/12-918x1024.jpg 918w, http:\/\/tumba-online.de\/wp-content\/uploads\/2020\/05\/12-269x300.jpg 269w, http:\/\/tumba-online.de\/wp-content\/uploads\/2020\/05\/12-768x857.jpg 768w, http:\/\/tumba-online.de\/wp-content\/uploads\/2020\/05\/12-1377x1536.jpg 1377w, http:\/\/tumba-online.de\/wp-content\/uploads\/2020\/05\/12-1836x2048.jpg 1836w\" sizes=\"(max-width: 918px) 100vw, 918px\" \/><\/div><\/div><div class=\"su-image-carousel-item\"><div class=\"su-image-carousel-item-content\"><img width=\"380\" height=\"133\" src=\"http:\/\/tumba-online.de\/wp-content\/uploads\/2020\/05\/13.jpg\" class=\"\" alt=\"\" loading=\"lazy\" srcset=\"http:\/\/tumba-online.de\/wp-content\/uploads\/2020\/05\/13.jpg 380w, http:\/\/tumba-online.de\/wp-content\/uploads\/2020\/05\/13-300x105.jpg 300w\" sizes=\"(max-width: 380px) 100vw, 380px\" \/><\/div><\/div><div class=\"su-image-carousel-item\"><div class=\"su-image-carousel-item-content\"><img width=\"194\" height=\"259\" src=\"http:\/\/tumba-online.de\/wp-content\/uploads\/2020\/05\/14.jpg\" class=\"\" alt=\"\" loading=\"lazy\" \/><\/div><\/div><div class=\"su-image-carousel-item\"><div class=\"su-image-carousel-item-content\"><img width=\"275\" height=\"183\" src=\"http:\/\/tumba-online.de\/wp-content\/uploads\/2020\/05\/15.jpg\" class=\"\" alt=\"\" loading=\"lazy\" \/><\/div><\/div><div class=\"su-image-carousel-item\"><div class=\"su-image-carousel-item-content\"><img width=\"259\" height=\"194\" src=\"http:\/\/tumba-online.de\/wp-content\/uploads\/2020\/05\/16.jpg\" class=\"\" alt=\"\" loading=\"lazy\" \/><\/div><\/div><div class=\"su-image-carousel-item\"><div class=\"su-image-carousel-item-content\"><img width=\"183\" height=\"275\" src=\"http:\/\/tumba-online.de\/wp-content\/uploads\/2020\/05\/17.jpg\" class=\"\" alt=\"\" loading=\"lazy\" \/><\/div><\/div><div class=\"su-image-carousel-item\"><div class=\"su-image-carousel-item-content\"><img width=\"276\" height=\"183\" src=\"http:\/\/tumba-online.de\/wp-content\/uploads\/2020\/05\/18.jpg\" class=\"\" alt=\"\" loading=\"lazy\" \/><\/div><\/div><div class=\"su-image-carousel-item\"><div class=\"su-image-carousel-item-content\"><img width=\"259\" height=\"194\" src=\"http:\/\/tumba-online.de\/wp-content\/uploads\/2020\/05\/19.jpg\" class=\"\" alt=\"\" loading=\"lazy\" \/><\/div><\/div><div class=\"su-image-carousel-item\"><div class=\"su-image-carousel-item-content\"><img width=\"275\" height=\"183\" src=\"http:\/\/tumba-online.de\/wp-content\/uploads\/2020\/05\/20.jpg\" class=\"\" alt=\"\" loading=\"lazy\" \/><\/div><\/div><div class=\"su-image-carousel-item\"><div class=\"su-image-carousel-item-content\"><img width=\"780\" height=\"585\" src=\"http:\/\/tumba-online.de\/wp-content\/uploads\/2020\/05\/preview16.jpg\" class=\"\" alt=\"\" loading=\"lazy\" srcset=\"http:\/\/tumba-online.de\/wp-content\/uploads\/2020\/05\/preview16.jpg 780w, http:\/\/tumba-online.de\/wp-content\/uploads\/2020\/05\/preview16-300x225.jpg 300w, http:\/\/tumba-online.de\/wp-content\/uploads\/2020\/05\/preview16-768x576.jpg 768w\" sizes=\"(max-width: 780px) 100vw, 780px\" \/><\/div><\/div><div class=\"su-image-carousel-item\"><div class=\"su-image-carousel-item-content\"><img width=\"259\" height=\"194\" src=\"http:\/\/tumba-online.de\/wp-content\/uploads\/2020\/05\/Ruins-MP-2.jpg\" class=\"\" alt=\"\" loading=\"lazy\" \/><\/div><\/div><\/div><script id=\"su_image_carousel_69d744f31bc51_script\">if(window.SUImageCarousel){setTimeout(function() {window.SUImageCarousel.initGallery(document.getElementById(\"su_image_carousel_69d744f31bc51\"))}, 0);}var su_image_carousel_69d744f31bc51_script=document.getElementById(\"su_image_carousel_69d744f31bc51_script\");if(su_image_carousel_69d744f31bc51_script){su_image_carousel_69d744f31bc51_script.parentNode.removeChild(su_image_carousel_69d744f31bc51_script);}<\/script><\/div>\n\t\t\t\t<\/div>\n\t\t\t\t<\/div>\n\t\t\t\t<div class=\"elementor-element elementor-element-b9a8e48 elementor-widget elementor-widget-spacer\" data-id=\"b9a8e48\" data-element_type=\"widget\" data-widget_type=\"spacer.default\">\n\t\t\t\t<div class=\"elementor-widget-container\">\n\t\t\t\t\t<div class=\"elementor-spacer\">\n\t\t\t<div class=\"elementor-spacer-inner\"><\/div>\n\t\t<\/div>\n\t\t\t\t<\/div>\n\t\t\t\t<\/div>\n\t\t\t\t<div class=\"elementor-element elementor-element-2c32c9b elementor-widget elementor-widget-heading\" data-id=\"2c32c9b\" data-element_type=\"widget\" data-widget_type=\"heading.default\">\n\t\t\t\t<div class=\"elementor-widget-container\">\n\t\t\t<h2 class=\"elementor-heading-title elementor-size-large\">Informationen<\/h2>\t\t<\/div>\n\t\t\t\t<\/div>\n\t\t\t\t<div class=\"elementor-element elementor-element-b8999c5 elementor-widget elementor-widget-text-editor\" data-id=\"b8999c5\" data-element_type=\"widget\" data-widget_type=\"text-editor.default\">\n\t\t\t\t<div class=\"elementor-widget-container\">\n\t\t\t\t\t\t\t\t<div class=\"elementor-text-editor elementor-clearfix\">\n\t\t\t\t<p><span style=\"text-decoration: underline;\"><strong>Machu Picchu<\/strong><\/span><\/p><p>Machu Picchu ist eine von den Inka gegr\u00fcndete Stadt hoch in den peruanischen Anden \u00fcber dem Tal des R\u00edo Urubamba. Sie wurde im 15. Jahrhundert erbaut und sp\u00e4ter verlassen. Die Anlage ist f\u00fcr ihre raffinierten Trockenmauern ber\u00fchmt, zu denen riesige Steinbl\u00f6cke ohne M\u00f6rtel aufgeschichtet wurden. Charakteristisch f\u00fcr die faszinierenden Geb\u00e4ude ist ihre beziehungsreiche astronomische Ausrichtung und der sich von ihnen aus bietende Panoramablick. Ihre genaue Nutzung bleibt ein Geheimnis. Auf einer Bergspitze, mitten in den peruanischen Anden, 2360 Meter hoch liegt die antike Stadt Machu Picchu. Ihr Anblick ist beeindruckend und \u00fcberw\u00e4ltigend. Warum wurde diese Stadt erbaut? Wer hat sie erbaut und warum gerade an diesem Platz? Auf dem ersten Blick ist zu sehen, dass diese Stadt nicht als Festung erbaut wurde. Es fehlen die Schutzmauern. In der Stadt befinden sich Brunnen und kleine Wasserbecken, Tempel und aus Granit erstellte Altare. Wie konnte ein Volk, dem das Handwerk der Eisenbearbeitung fehlte, dass das Rad nicht kannte, solch ein Meisterwerk erschaffen? Wozu diente Machu Picchu und wer waren die Bewohner der Stadt? Eine Analyse von Knochenfunden, neue Erkenntnisse in der Baukunst der Inkas und die Geschichten ihrer mumifizierten K\u00f6nige geben die L\u00f6sung zu einem der gr\u00f6\u00dften Geheimnisse der Inkas, von ihrer ersten Erw\u00e4hnung im Jahr 1880 bis zur offiziellen Wiederentdeckung im Jahr 1911 durch Hiram Bingham.\u00a0\u00a0<\/p><p>Quelle mit vielen interessanten Erkl\u00e4rungen und Fotos\u00a0 :\u00a0\u00a0\u00a0\u00a0 <span style=\"text-decoration: underline;\"><a href=\"https:\/\/peru-spezialisten.com\/machu-picchu-2\/\">https:\/\/peru-spezialisten.com\/machu-picchu-2\/<\/a>\u00a0<\/span> \u00a0 \u00a0 \u00a0 \u00a0 \u00a0 \u00a0 \u00a0 \u00a0 \u00a0 \u00a0 \u00a0 \u00a0 \u00a0 \u00a0 \u00a0 \u00a0 \u00a0 \u00a0 \u00a0 \u00a0 \u00a0 \u00a0 \u00a0 \u00a0 \u00a0 \u00a0 \u00a0 \u00a0 \u00a0 \u00a0 \u00a0 \u00a0 \u00a0 \u00a0 \u00a0 \u00a0 \u00a0 \u00a0 \u00a0 \u00a0 \u00a0 \u00a0 \u00a0 \u00a0 \u00a0 \u00a0 \u00a0 \u00a0 \u00a0\u00a0<\/p>\t\t\t\t\t<\/div>\n\t\t\t\t\t\t<\/div>\n\t\t\t\t<\/div>\n\t\t\t\t\t\t<\/div>\n\t\t\t\t\t<\/div>\n\t\t<\/div>\n\t\t\t\t\t\t\t\t<\/div>\n\t\t\t\t\t<\/div>\n\t\t<\/section>\n\t\t\t\t\t\t<\/div>\n\t\t\t\t\t\t<\/div>\n\t\t\t\t\t<\/div>\n\t\t","protected":false},"excerpt":{"rendered":"<p>Sechstes Kapitel: Tumba und Pep besuchen Machu Picchu Bilder Informationen Machu Picchu Machu Picchu ist eine von den Inka gegr\u00fcndete Stadt hoch in den peruanischen Anden \u00fcber dem Tal des R\u00edo Urubamba. Sie wurde im 15. Jahrhundert erbaut und sp\u00e4ter verlassen. Die Anlage ist f\u00fcr ihre raffinierten Trockenmauern ber\u00fchmt, zu denen riesige Steinbl\u00f6cke ohne M\u00f6rtel [&hellip;]<\/p>\n","protected":false},"author":1,"featured_media":0,"parent":0,"menu_order":0,"comment_status":"closed","ping_status":"closed","template":"","meta":{"spay_email":""},"_links":{"self":[{"href":"http:\/\/tumba-online.de\/index.php?rest_route=\/wp\/v2\/pages\/485"}],"collection":[{"href":"http:\/\/tumba-online.de\/index.php?rest_route=\/wp\/v2\/pages"}],"about":[{"href":"http:\/\/tumba-online.de\/index.php?rest_route=\/wp\/v2\/types\/page"}],"author":[{"embeddable":true,"href":"http:\/\/tumba-online.de\/index.php?rest_route=\/wp\/v2\/users\/1"}],"replies":[{"embeddable":true,"href":"http:\/\/tumba-online.de\/index.php?rest_route=%2Fwp%2Fv2%2Fcomments&post=485"}],"version-history":[{"count":3,"href":"http:\/\/tumba-online.de\/index.php?rest_route=\/wp\/v2\/pages\/485\/revisions"}],"predecessor-version":[{"id":510,"href":"http:\/\/tumba-online.de\/index.php?rest_route=\/wp\/v2\/pages\/485\/revisions\/510"}],"wp:attachment":[{"href":"http:\/\/tumba-online.de\/index.php?rest_route=%2Fwp%2Fv2%2Fmedia&parent=485"}],"curies":[{"name":"wp","href":"https:\/\/api.w.org\/{rel}","templated":true}]}}