{"id":511,"date":"2020-05-06T11:34:58","date_gmt":"2020-05-06T11:34:58","guid":{"rendered":"http:\/\/tumba-online.de\/?page_id=511"},"modified":"2020-05-06T11:40:42","modified_gmt":"2020-05-06T11:40:42","slug":"teil-ii-kapitel-7","status":"publish","type":"page","link":"http:\/\/tumba-online.de\/?page_id=511","title":{"rendered":"Teil II &#8211; Kapitel 7"},"content":{"rendered":"\t\t<div data-elementor-type=\"wp-page\" data-elementor-id=\"511\" class=\"elementor elementor-511\" data-elementor-settings=\"[]\">\n\t\t\t\t\t\t<div class=\"elementor-inner\">\n\t\t\t\t\t\t\t<div class=\"elementor-section-wrap\">\n\t\t\t\t\t\t\t<section class=\"elementor-section elementor-top-section elementor-element elementor-element-ba01d38 elementor-section-boxed elementor-section-height-default elementor-section-height-default\" data-id=\"ba01d38\" data-element_type=\"section\">\n\t\t\t\t\t\t<div class=\"elementor-container elementor-column-gap-default\">\n\t\t\t\t\t\t\t<div class=\"elementor-row\">\n\t\t\t\t\t<div class=\"elementor-column elementor-col-100 elementor-top-column elementor-element elementor-element-cfe3a9a\" data-id=\"cfe3a9a\" data-element_type=\"column\">\n\t\t\t<div class=\"elementor-column-wrap elementor-element-populated\">\n\t\t\t\t\t\t\t<div class=\"elementor-widget-wrap\">\n\t\t\t\t\t\t<div class=\"elementor-element elementor-element-eae8773 elementor-widget elementor-widget-heading\" data-id=\"eae8773\" data-element_type=\"widget\" data-widget_type=\"heading.default\">\n\t\t\t\t<div class=\"elementor-widget-container\">\n\t\t\t<h2 class=\"elementor-heading-title elementor-size-xl\">Siebtes Kapitel: Tumba bekommt ein ganz besonderes Geschenk<\/h2>\t\t<\/div>\n\t\t\t\t<\/div>\n\t\t\t\t<div class=\"elementor-element elementor-element-2d3d621 elementor-widget elementor-widget-heading\" data-id=\"2d3d621\" data-element_type=\"widget\" data-widget_type=\"heading.default\">\n\t\t\t\t<div class=\"elementor-widget-container\">\n\t\t\t<h2 class=\"elementor-heading-title elementor-size-large\">Bilder<\/h2>\t\t<\/div>\n\t\t\t\t<\/div>\n\t\t\t\t<div class=\"elementor-element elementor-element-3f1e35a elementor-widget elementor-widget-heading\" data-id=\"3f1e35a\" data-element_type=\"widget\" data-widget_type=\"heading.default\">\n\t\t\t\t<div class=\"elementor-widget-container\">\n\t\t\t<h2 class=\"elementor-heading-title elementor-size-default\">Cuzco heute, ehemals Hauptstadt der Inca<\/h2>\t\t<\/div>\n\t\t\t\t<\/div>\n\t\t\t\t<div class=\"elementor-element elementor-element-4690d5b elementor-widget elementor-widget-image\" data-id=\"4690d5b\" data-element_type=\"widget\" data-widget_type=\"image.default\">\n\t\t\t\t<div class=\"elementor-widget-container\">\n\t\t\t\t\t\t\t\t<div class=\"elementor-image\">\n\t\t\t\t\t\t\t\t\t\t\t\t<img width=\"1024\" height=\"384\" src=\"http:\/\/tumba-online.de\/wp-content\/uploads\/2020\/05\/1-1-1024x384.jpg\" class=\"attachment-large size-large\" alt=\"\" loading=\"lazy\" srcset=\"http:\/\/tumba-online.de\/wp-content\/uploads\/2020\/05\/1-1-1024x384.jpg 1024w, http:\/\/tumba-online.de\/wp-content\/uploads\/2020\/05\/1-1-300x113.jpg 300w, http:\/\/tumba-online.de\/wp-content\/uploads\/2020\/05\/1-1-768x288.jpg 768w, http:\/\/tumba-online.de\/wp-content\/uploads\/2020\/05\/1-1-1536x576.jpg 1536w, http:\/\/tumba-online.de\/wp-content\/uploads\/2020\/05\/1-1-2048x768.jpg 2048w\" sizes=\"(max-width: 1024px) 100vw, 1024px\" \/>\t\t\t\t\t\t\t\t\t\t\t\t\t\t<\/div>\n\t\t\t\t\t\t<\/div>\n\t\t\t\t<\/div>\n\t\t\t\t\t\t<\/div>\n\t\t\t\t\t<\/div>\n\t\t<\/div>\n\t\t\t\t\t\t\t\t<\/div>\n\t\t\t\t\t<\/div>\n\t\t<\/section>\n\t\t\t\t<section class=\"elementor-section elementor-top-section elementor-element elementor-element-82d3308 elementor-section-boxed elementor-section-height-default elementor-section-height-default\" data-id=\"82d3308\" data-element_type=\"section\">\n\t\t\t\t\t\t<div class=\"elementor-container elementor-column-gap-default\">\n\t\t\t\t\t\t\t<div class=\"elementor-row\">\n\t\t\t\t\t<div class=\"elementor-column elementor-col-50 elementor-top-column elementor-element elementor-element-801c985\" data-id=\"801c985\" data-element_type=\"column\">\n\t\t\t<div class=\"elementor-column-wrap elementor-element-populated\">\n\t\t\t\t\t\t\t<div class=\"elementor-widget-wrap\">\n\t\t\t\t\t\t<div class=\"elementor-element elementor-element-957b9b6 elementor-widget elementor-widget-image\" data-id=\"957b9b6\" data-element_type=\"widget\" data-widget_type=\"image.default\">\n\t\t\t\t<div class=\"elementor-widget-container\">\n\t\t\t\t\t\t\t\t<div class=\"elementor-image\">\n\t\t\t\t\t\t\t\t\t\t\t\t<img src=\"http:\/\/tumba-online.de\/wp-content\/uploads\/elementor\/thumbs\/6-1-op491j14xg76tzpcwst0z0829su0ye3zu92vbudjwg.jpg\" title=\"6\" alt=\"6\" \/>\t\t\t\t\t\t\t\t\t\t\t\t\t\t<\/div>\n\t\t\t\t\t\t<\/div>\n\t\t\t\t<\/div>\n\t\t\t\t\t\t<\/div>\n\t\t\t\t\t<\/div>\n\t\t<\/div>\n\t\t\t\t<div class=\"elementor-column elementor-col-50 elementor-top-column elementor-element elementor-element-a2be454\" data-id=\"a2be454\" data-element_type=\"column\">\n\t\t\t<div class=\"elementor-column-wrap elementor-element-populated\">\n\t\t\t\t\t\t\t<div class=\"elementor-widget-wrap\">\n\t\t\t\t\t\t<div class=\"elementor-element elementor-element-9c8a055 elementor-widget elementor-widget-image\" data-id=\"9c8a055\" data-element_type=\"widget\" data-widget_type=\"image.default\">\n\t\t\t\t<div class=\"elementor-widget-container\">\n\t\t\t\t\t\t\t\t<div class=\"elementor-image\">\n\t\t\t\t\t\t\t\t\t\t\t\t<img src=\"http:\/\/tumba-online.de\/wp-content\/uploads\/elementor\/thumbs\/peru_nikon_d300-475187-e1588764970616-op49inn9grnae6tow7caeomfyket7u3wv11e5czaio.jpg\" title=\"peru_nikon_d300-475187\" alt=\"peru_nikon_d300-475187\" \/>\t\t\t\t\t\t\t\t\t\t\t\t\t\t<\/div>\n\t\t\t\t\t\t<\/div>\n\t\t\t\t<\/div>\n\t\t\t\t\t\t<\/div>\n\t\t\t\t\t<\/div>\n\t\t<\/div>\n\t\t\t\t\t\t\t\t<\/div>\n\t\t\t\t\t<\/div>\n\t\t<\/section>\n\t\t\t\t<section class=\"elementor-section elementor-top-section elementor-element elementor-element-7c56ecb elementor-section-boxed elementor-section-height-default elementor-section-height-default\" data-id=\"7c56ecb\" data-element_type=\"section\">\n\t\t\t\t\t\t<div class=\"elementor-container elementor-column-gap-default\">\n\t\t\t\t\t\t\t<div class=\"elementor-row\">\n\t\t\t\t\t<div class=\"elementor-column elementor-col-50 elementor-top-column elementor-element elementor-element-955ab29\" data-id=\"955ab29\" data-element_type=\"column\">\n\t\t\t<div class=\"elementor-column-wrap elementor-element-populated\">\n\t\t\t\t\t\t\t<div class=\"elementor-widget-wrap\">\n\t\t\t\t\t\t<div class=\"elementor-element elementor-element-1d5b3a8 elementor-widget elementor-widget-heading\" data-id=\"1d5b3a8\" data-element_type=\"widget\" data-widget_type=\"heading.default\">\n\t\t\t\t<div class=\"elementor-widget-container\">\n\t\t\t<h2 class=\"elementor-heading-title elementor-size-default\">Alte Inca-Mauern<\/h2>\t\t<\/div>\n\t\t\t\t<\/div>\n\t\t\t\t\t\t<\/div>\n\t\t\t\t\t<\/div>\n\t\t<\/div>\n\t\t\t\t<div class=\"elementor-column elementor-col-50 elementor-top-column elementor-element elementor-element-d06a8a7\" data-id=\"d06a8a7\" data-element_type=\"column\">\n\t\t\t<div class=\"elementor-column-wrap elementor-element-populated\">\n\t\t\t\t\t\t\t<div class=\"elementor-widget-wrap\">\n\t\t\t\t\t\t<div class=\"elementor-element elementor-element-3d1cc03 elementor-widget elementor-widget-heading\" data-id=\"3d1cc03\" data-element_type=\"widget\" data-widget_type=\"heading.default\">\n\t\t\t\t<div class=\"elementor-widget-container\">\n\t\t\t<h2 class=\"elementor-heading-title elementor-size-default\">Gassen<\/h2>\t\t<\/div>\n\t\t\t\t<\/div>\n\t\t\t\t\t\t<\/div>\n\t\t\t\t\t<\/div>\n\t\t<\/div>\n\t\t\t\t\t\t\t\t<\/div>\n\t\t\t\t\t<\/div>\n\t\t<\/section>\n\t\t\t\t<section class=\"elementor-section elementor-top-section elementor-element elementor-element-8c0bcd9 elementor-section-boxed elementor-section-height-default elementor-section-height-default\" data-id=\"8c0bcd9\" data-element_type=\"section\">\n\t\t\t\t\t\t<div class=\"elementor-container elementor-column-gap-default\">\n\t\t\t\t\t\t\t<div class=\"elementor-row\">\n\t\t\t\t\t<div class=\"elementor-column elementor-col-50 elementor-top-column elementor-element elementor-element-8d391ba\" data-id=\"8d391ba\" data-element_type=\"column\">\n\t\t\t<div class=\"elementor-column-wrap elementor-element-populated\">\n\t\t\t\t\t\t\t<div class=\"elementor-widget-wrap\">\n\t\t\t\t\t\t<div class=\"elementor-element elementor-element-41cb976 elementor-widget elementor-widget-image\" data-id=\"41cb976\" data-element_type=\"widget\" data-widget_type=\"image.default\">\n\t\t\t\t<div class=\"elementor-widget-container\">\n\t\t\t\t\t\t\t\t<div class=\"elementor-image\">\n\t\t\t\t\t\t\t\t\t\t\t\t<img src=\"http:\/\/tumba-online.de\/wp-content\/uploads\/elementor\/thumbs\/5-1-op497tk8oitak0kb60q45x25fnthhg3b1eavzj1o8w.jpg\" title=\"5\" alt=\"5\" \/>\t\t\t\t\t\t\t\t\t\t\t\t\t\t<\/div>\n\t\t\t\t\t\t<\/div>\n\t\t\t\t<\/div>\n\t\t\t\t\t\t<\/div>\n\t\t\t\t\t<\/div>\n\t\t<\/div>\n\t\t\t\t<div class=\"elementor-column elementor-col-50 elementor-top-column elementor-element elementor-element-671b32c\" data-id=\"671b32c\" data-element_type=\"column\">\n\t\t\t<div class=\"elementor-column-wrap elementor-element-populated\">\n\t\t\t\t\t\t\t<div class=\"elementor-widget-wrap\">\n\t\t\t\t\t\t<div class=\"elementor-element elementor-element-93c1e74 elementor-widget elementor-widget-image\" data-id=\"93c1e74\" data-element_type=\"widget\" data-widget_type=\"image.default\">\n\t\t\t\t<div class=\"elementor-widget-container\">\n\t\t\t\t\t\t\t\t<div class=\"elementor-image\">\n\t\t\t\t\t\t\t\t\t\t\t\t<img width=\"400\" height=\"300\" src=\"http:\/\/tumba-online.de\/wp-content\/uploads\/2020\/05\/7-1.jpg\" class=\"attachment-full size-full\" alt=\"\" loading=\"lazy\" srcset=\"http:\/\/tumba-online.de\/wp-content\/uploads\/2020\/05\/7-1.jpg 400w, http:\/\/tumba-online.de\/wp-content\/uploads\/2020\/05\/7-1-300x225.jpg 300w\" sizes=\"(max-width: 400px) 100vw, 400px\" \/>\t\t\t\t\t\t\t\t\t\t\t\t\t\t<\/div>\n\t\t\t\t\t\t<\/div>\n\t\t\t\t<\/div>\n\t\t\t\t\t\t<\/div>\n\t\t\t\t\t<\/div>\n\t\t<\/div>\n\t\t\t\t\t\t\t\t<\/div>\n\t\t\t\t\t<\/div>\n\t\t<\/section>\n\t\t\t\t<section class=\"elementor-section elementor-top-section elementor-element elementor-element-f6e372d elementor-section-boxed elementor-section-height-default elementor-section-height-default\" data-id=\"f6e372d\" data-element_type=\"section\">\n\t\t\t\t\t\t<div class=\"elementor-container elementor-column-gap-default\">\n\t\t\t\t\t\t\t<div class=\"elementor-row\">\n\t\t\t\t\t<div class=\"elementor-column elementor-col-100 elementor-top-column elementor-element elementor-element-4baf71a\" data-id=\"4baf71a\" data-element_type=\"column\">\n\t\t\t<div class=\"elementor-column-wrap elementor-element-populated\">\n\t\t\t\t\t\t\t<div class=\"elementor-widget-wrap\">\n\t\t\t\t\t\t<div class=\"elementor-element elementor-element-261ef0f elementor-widget elementor-widget-spacer\" data-id=\"261ef0f\" data-element_type=\"widget\" data-widget_type=\"spacer.default\">\n\t\t\t\t<div class=\"elementor-widget-container\">\n\t\t\t\t\t<div class=\"elementor-spacer\">\n\t\t\t<div class=\"elementor-spacer-inner\"><\/div>\n\t\t<\/div>\n\t\t\t\t<\/div>\n\t\t\t\t<\/div>\n\t\t\t\t<div class=\"elementor-element elementor-element-12e24f5 elementor-widget elementor-widget-heading\" data-id=\"12e24f5\" data-element_type=\"widget\" data-widget_type=\"heading.default\">\n\t\t\t\t<div class=\"elementor-widget-container\">\n\t\t\t<h2 class=\"elementor-heading-title elementor-size-large\">Informationen<\/h2>\t\t<\/div>\n\t\t\t\t<\/div>\n\t\t\t\t<div class=\"elementor-element elementor-element-0ba23e7 elementor-widget elementor-widget-text-editor\" data-id=\"0ba23e7\" data-element_type=\"widget\" data-widget_type=\"text-editor.default\">\n\t\t\t\t<div class=\"elementor-widget-container\">\n\t\t\t\t\t\t\t\t<div class=\"elementor-text-editor elementor-clearfix\">\n\t\t\t\t<p>Die Kurzwelle nimmt unter den Funkwellen einen besonderen Platz ein. Auf Grund ihrer gro\u00dfen Reichweite k\u00f6nnen Kurzwellensignale weltweit empfangen werden. Kein anderer Frequenzbereich weist eine solch gro\u00dfe Reichweite auf. Wie auch bei\u00a0Langwellen-\u00a0und\u00a0Mittelwellensendern\u00a0wird von einer Kurzwellen-Sendeantenne\u00a0sowohl eine\u00a0Bodenwelle\u00a0als auch eine\u00a0Raumwelle\u00a0ausgestrahlt. Die Bodenwelle breitet sich entlang der\u00a0Erdoberfl\u00e4che aus und hat eine beschr\u00e4nkte Reichweite, die je nach Frequenz und Sendeleistung 30 bis etwa 100\u00a0km betr\u00e4gt. Die Raumwelle verl\u00e4sst die Erdoberfl\u00e4che, bedingt durch die Abstrahlcharakteristiken der Antenne, vor allem schr\u00e4g aufw\u00e4rts und erreicht die\u00a0Ionosph\u00e4re in einem flachen Winkel und wird bei g\u00fcnstigen Bedingungen an ihr reflektiert. Im Vergleich zu \u2026 anderen Frequenzbereichen \u2026 zeichnet sich die Kurzwelle durch ein sehr gutes\u00a0Reflexionsverhalten\u00a0ihrer Raumwellen aus. Sie werden bei der\u00a0drahtlosen Ausbreitung an verschiedenen Schichten der Ionosph\u00e4re reflektiert und wieder zur\u00fcck zum Erdboden gestreut. Von dort k\u00f6nnen sie erneut in den Raum reflektiert werden, und so kann das Kurzwellensignal um die ganze Erde wandern (Multi-Hop). F\u00fcr internationale Funkverbindungen ist die Kurzwelle daher von gro\u00dfer Wichtigkeit.<\/p><p>Quelle: <a href=\"https:\/\/de.wikipedia.org\/wiki\/Kurzwelle#\/media\/Datei:Ionospheric_reflection-de.svg\">https:\/\/de.wikipedia.org\/wiki\/Kurzwelle#\/<\/a><\/p>\t\t\t\t\t<\/div>\n\t\t\t\t\t\t<\/div>\n\t\t\t\t<\/div>\n\t\t\t\t\t\t<\/div>\n\t\t\t\t\t<\/div>\n\t\t<\/div>\n\t\t\t\t\t\t\t\t<\/div>\n\t\t\t\t\t<\/div>\n\t\t<\/section>\n\t\t\t\t<section class=\"elementor-section elementor-top-section elementor-element elementor-element-f16d71b elementor-section-boxed elementor-section-height-default elementor-section-height-default\" data-id=\"f16d71b\" data-element_type=\"section\">\n\t\t\t\t\t\t<div class=\"elementor-container elementor-column-gap-default\">\n\t\t\t\t\t\t\t<div class=\"elementor-row\">\n\t\t\t\t\t<div class=\"elementor-column elementor-col-50 elementor-top-column elementor-element elementor-element-126289d\" data-id=\"126289d\" data-element_type=\"column\">\n\t\t\t<div class=\"elementor-column-wrap elementor-element-populated\">\n\t\t\t\t\t\t\t<div class=\"elementor-widget-wrap\">\n\t\t\t\t\t\t<div class=\"elementor-element elementor-element-ac1b7c2 elementor-widget elementor-widget-image\" data-id=\"ac1b7c2\" data-element_type=\"widget\" data-widget_type=\"image.default\">\n\t\t\t\t<div class=\"elementor-widget-container\">\n\t\t\t\t\t\t\t\t<div class=\"elementor-image\">\n\t\t\t\t\t\t\t\t\t\t\t\t<img width=\"300\" height=\"225\" src=\"http:\/\/tumba-online.de\/wp-content\/uploads\/2020\/05\/Ionospheric_reflection-de.svg-300x225.png\" class=\"attachment-medium size-medium\" alt=\"\" loading=\"lazy\" srcset=\"http:\/\/tumba-online.de\/wp-content\/uploads\/2020\/05\/Ionospheric_reflection-de.svg-300x225.png 300w, http:\/\/tumba-online.de\/wp-content\/uploads\/2020\/05\/Ionospheric_reflection-de.svg-1024x769.png 1024w, http:\/\/tumba-online.de\/wp-content\/uploads\/2020\/05\/Ionospheric_reflection-de.svg-768x577.png 768w, http:\/\/tumba-online.de\/wp-content\/uploads\/2020\/05\/Ionospheric_reflection-de.svg.png 1280w\" sizes=\"(max-width: 300px) 100vw, 300px\" \/>\t\t\t\t\t\t\t\t\t\t\t\t\t\t<\/div>\n\t\t\t\t\t\t<\/div>\n\t\t\t\t<\/div>\n\t\t\t\t\t\t<\/div>\n\t\t\t\t\t<\/div>\n\t\t<\/div>\n\t\t\t\t<div class=\"elementor-column elementor-col-50 elementor-top-column elementor-element elementor-element-ab1b709\" data-id=\"ab1b709\" data-element_type=\"column\">\n\t\t\t<div class=\"elementor-column-wrap elementor-element-populated\">\n\t\t\t\t\t\t\t<div class=\"elementor-widget-wrap\">\n\t\t\t\t\t\t<div class=\"elementor-element elementor-element-b84369a elementor-widget elementor-widget-image\" data-id=\"b84369a\" data-element_type=\"widget\" data-widget_type=\"image.default\">\n\t\t\t\t<div class=\"elementor-widget-container\">\n\t\t\t\t\t\t\t\t<div class=\"elementor-image\">\n\t\t\t\t\t\t\t\t\t\t\t\t<img width=\"300\" height=\"233\" src=\"http:\/\/tumba-online.de\/wp-content\/uploads\/2020\/05\/Tumba-Lupe-300x233.jpg\" class=\"attachment-medium size-medium\" alt=\"\" loading=\"lazy\" srcset=\"http:\/\/tumba-online.de\/wp-content\/uploads\/2020\/05\/Tumba-Lupe-300x233.jpg 300w, http:\/\/tumba-online.de\/wp-content\/uploads\/2020\/05\/Tumba-Lupe-768x596.jpg 768w, http:\/\/tumba-online.de\/wp-content\/uploads\/2020\/05\/Tumba-Lupe.jpg 830w\" sizes=\"(max-width: 300px) 100vw, 300px\" \/>\t\t\t\t\t\t\t\t\t\t\t\t\t\t<\/div>\n\t\t\t\t\t\t<\/div>\n\t\t\t\t<\/div>\n\t\t\t\t\t\t<\/div>\n\t\t\t\t\t<\/div>\n\t\t<\/div>\n\t\t\t\t\t\t\t\t<\/div>\n\t\t\t\t\t<\/div>\n\t\t<\/section>\n\t\t\t\t\t\t<\/div>\n\t\t\t\t\t\t<\/div>\n\t\t\t\t\t<\/div>\n\t\t","protected":false},"excerpt":{"rendered":"<p>Siebtes Kapitel: Tumba bekommt ein ganz besonderes Geschenk Bilder Cuzco heute, ehemals Hauptstadt der Inca Alte Inca-Mauern Gassen Informationen Die Kurzwelle nimmt unter den Funkwellen einen besonderen Platz ein. Auf Grund ihrer gro\u00dfen Reichweite k\u00f6nnen Kurzwellensignale weltweit empfangen werden. Kein anderer Frequenzbereich weist eine solch gro\u00dfe Reichweite auf. Wie auch bei\u00a0Langwellen-\u00a0und\u00a0Mittelwellensendern\u00a0wird von einer Kurzwellen-Sendeantenne\u00a0sowohl eine\u00a0Bodenwelle\u00a0als [&hellip;]<\/p>\n","protected":false},"author":1,"featured_media":0,"parent":0,"menu_order":0,"comment_status":"closed","ping_status":"closed","template":"","meta":{"spay_email":""},"_links":{"self":[{"href":"http:\/\/tumba-online.de\/index.php?rest_route=\/wp\/v2\/pages\/511"}],"collection":[{"href":"http:\/\/tumba-online.de\/index.php?rest_route=\/wp\/v2\/pages"}],"about":[{"href":"http:\/\/tumba-online.de\/index.php?rest_route=\/wp\/v2\/types\/page"}],"author":[{"embeddable":true,"href":"http:\/\/tumba-online.de\/index.php?rest_route=\/wp\/v2\/users\/1"}],"replies":[{"embeddable":true,"href":"http:\/\/tumba-online.de\/index.php?rest_route=%2Fwp%2Fv2%2Fcomments&post=511"}],"version-history":[{"count":3,"href":"http:\/\/tumba-online.de\/index.php?rest_route=\/wp\/v2\/pages\/511\/revisions"}],"predecessor-version":[{"id":525,"href":"http:\/\/tumba-online.de\/index.php?rest_route=\/wp\/v2\/pages\/511\/revisions\/525"}],"wp:attachment":[{"href":"http:\/\/tumba-online.de\/index.php?rest_route=%2Fwp%2Fv2%2Fmedia&parent=511"}],"curies":[{"name":"wp","href":"https:\/\/api.w.org\/{rel}","templated":true}]}}