{"id":528,"date":"2020-05-07T06:36:44","date_gmt":"2020-05-07T06:36:44","guid":{"rendered":"http:\/\/tumba-online.de\/?page_id=528"},"modified":"2020-05-07T06:48:39","modified_gmt":"2020-05-07T06:48:39","slug":"teil-ii-kapitel-8","status":"publish","type":"page","link":"http:\/\/tumba-online.de\/?page_id=528","title":{"rendered":"Teil II &#8211; Kapitel 8"},"content":{"rendered":"\t\t<div data-elementor-type=\"wp-page\" data-elementor-id=\"528\" class=\"elementor elementor-528\" data-elementor-settings=\"[]\">\n\t\t\t\t\t\t<div class=\"elementor-inner\">\n\t\t\t\t\t\t\t<div class=\"elementor-section-wrap\">\n\t\t\t\t\t\t\t<section class=\"elementor-section elementor-top-section elementor-element elementor-element-c350b08 elementor-section-boxed elementor-section-height-default elementor-section-height-default\" data-id=\"c350b08\" data-element_type=\"section\">\n\t\t\t\t\t\t<div class=\"elementor-container elementor-column-gap-default\">\n\t\t\t\t\t\t\t<div class=\"elementor-row\">\n\t\t\t\t\t<div class=\"elementor-column elementor-col-100 elementor-top-column elementor-element elementor-element-2cf95f6\" data-id=\"2cf95f6\" data-element_type=\"column\">\n\t\t\t<div class=\"elementor-column-wrap elementor-element-populated\">\n\t\t\t\t\t\t\t<div class=\"elementor-widget-wrap\">\n\t\t\t\t\t\t<div class=\"elementor-element elementor-element-a7229a9 elementor-widget elementor-widget-heading\" data-id=\"a7229a9\" data-element_type=\"widget\" data-widget_type=\"heading.default\">\n\t\t\t\t<div class=\"elementor-widget-container\">\n\t\t\t<h2 class=\"elementor-heading-title elementor-size-xl\">Achtes Kapitel: Tumba und Pep entkommen einem Terror-anschlag mit Oskars Hilfe<\/h2>\t\t<\/div>\n\t\t\t\t<\/div>\n\t\t\t\t<div class=\"elementor-element elementor-element-8795481 elementor-widget elementor-widget-heading\" data-id=\"8795481\" data-element_type=\"widget\" data-widget_type=\"heading.default\">\n\t\t\t\t<div class=\"elementor-widget-container\">\n\t\t\t<h2 class=\"elementor-heading-title elementor-size-large\">Bilder<\/h2>\t\t<\/div>\n\t\t\t\t<\/div>\n\t\t\t\t\t\t<\/div>\n\t\t\t\t\t<\/div>\n\t\t<\/div>\n\t\t\t\t\t\t\t\t<\/div>\n\t\t\t\t\t<\/div>\n\t\t<\/section>\n\t\t\t\t<section class=\"elementor-section elementor-top-section elementor-element elementor-element-eacd1d9 elementor-section-boxed elementor-section-height-default elementor-section-height-default\" data-id=\"eacd1d9\" data-element_type=\"section\">\n\t\t\t\t\t\t<div class=\"elementor-container elementor-column-gap-default\">\n\t\t\t\t\t\t\t<div class=\"elementor-row\">\n\t\t\t\t\t<div class=\"elementor-column elementor-col-66 elementor-top-column elementor-element elementor-element-c42cd15\" data-id=\"c42cd15\" data-element_type=\"column\">\n\t\t\t<div class=\"elementor-column-wrap elementor-element-populated\">\n\t\t\t\t\t\t\t<div class=\"elementor-widget-wrap\">\n\t\t\t\t\t\t<div class=\"elementor-element elementor-element-c8e8ed3 elementor-widget elementor-widget-heading\" data-id=\"c8e8ed3\" data-element_type=\"widget\" data-widget_type=\"heading.default\">\n\t\t\t\t<div class=\"elementor-widget-container\">\n\t\t\t<h2 class=\"elementor-heading-title elementor-size-default\">Der ber\u00fchmte Stein mit 12 Ecken<\/h2>\t\t<\/div>\n\t\t\t\t<\/div>\n\t\t\t\t<div class=\"elementor-element elementor-element-97f9c59 elementor-widget elementor-widget-image\" data-id=\"97f9c59\" data-element_type=\"widget\" data-widget_type=\"image.default\">\n\t\t\t\t<div class=\"elementor-widget-container\">\n\t\t\t\t\t\t\t\t<div class=\"elementor-image\">\n\t\t\t\t\t\t\t\t\t\t\t\t<img width=\"768\" height=\"512\" src=\"http:\/\/tumba-online.de\/wp-content\/uploads\/2020\/05\/Cusco_Mauerwerk_Piedra12Angulos-768x512-1.jpg\" class=\"attachment-large size-large\" alt=\"\" loading=\"lazy\" srcset=\"http:\/\/tumba-online.de\/wp-content\/uploads\/2020\/05\/Cusco_Mauerwerk_Piedra12Angulos-768x512-1.jpg 768w, http:\/\/tumba-online.de\/wp-content\/uploads\/2020\/05\/Cusco_Mauerwerk_Piedra12Angulos-768x512-1-300x200.jpg 300w\" sizes=\"(max-width: 768px) 100vw, 768px\" \/>\t\t\t\t\t\t\t\t\t\t\t\t\t\t<\/div>\n\t\t\t\t\t\t<\/div>\n\t\t\t\t<\/div>\n\t\t\t\t\t\t<\/div>\n\t\t\t\t\t<\/div>\n\t\t<\/div>\n\t\t\t\t<div class=\"elementor-column elementor-col-33 elementor-top-column elementor-element elementor-element-90cb0d7\" data-id=\"90cb0d7\" data-element_type=\"column\">\n\t\t\t<div class=\"elementor-column-wrap elementor-element-populated\">\n\t\t\t\t\t\t\t<div class=\"elementor-widget-wrap\">\n\t\t\t\t\t\t<div class=\"elementor-element elementor-element-b60f9b9 elementor-widget elementor-widget-heading\" data-id=\"b60f9b9\" data-element_type=\"widget\" data-widget_type=\"heading.default\">\n\t\t\t\t<div class=\"elementor-widget-container\">\n\t\t\t<h2 class=\"elementor-heading-title elementor-size-default\">Blendgranate<\/h2>\t\t<\/div>\n\t\t\t\t<\/div>\n\t\t\t\t<div class=\"elementor-element elementor-element-c5b6bf4 elementor-widget elementor-widget-image\" data-id=\"c5b6bf4\" data-element_type=\"widget\" data-widget_type=\"image.default\">\n\t\t\t\t<div class=\"elementor-widget-container\">\n\t\t\t\t\t\t\t\t<div class=\"elementor-image\">\n\t\t\t\t\t\t\t\t\t\t\t\t<img src=\"http:\/\/tumba-online.de\/wp-content\/uploads\/elementor\/thumbs\/170111-F-VG904-0009-scaled-op5nheipwc0wq6zrprhdls1ggjo9jcrirmcidad05c.jpg\" title=\"170111-F-VG904-0009\" alt=\"????????????????????????????????????\" \/>\t\t\t\t\t\t\t\t\t\t\t\t\t\t<\/div>\n\t\t\t\t\t\t<\/div>\n\t\t\t\t<\/div>\n\t\t\t\t\t\t<\/div>\n\t\t\t\t\t<\/div>\n\t\t<\/div>\n\t\t\t\t\t\t\t\t<\/div>\n\t\t\t\t\t<\/div>\n\t\t<\/section>\n\t\t\t\t<section class=\"elementor-section elementor-top-section elementor-element elementor-element-cf219c3 elementor-section-boxed elementor-section-height-default elementor-section-height-default\" data-id=\"cf219c3\" data-element_type=\"section\">\n\t\t\t\t\t\t<div class=\"elementor-container elementor-column-gap-default\">\n\t\t\t\t\t\t\t<div class=\"elementor-row\">\n\t\t\t\t\t<div class=\"elementor-column elementor-col-100 elementor-top-column elementor-element elementor-element-811ac72\" data-id=\"811ac72\" data-element_type=\"column\">\n\t\t\t<div class=\"elementor-column-wrap elementor-element-populated\">\n\t\t\t\t\t\t\t<div class=\"elementor-widget-wrap\">\n\t\t\t\t\t\t<div class=\"elementor-element elementor-element-c1d9168 elementor-widget elementor-widget-spacer\" data-id=\"c1d9168\" data-element_type=\"widget\" data-widget_type=\"spacer.default\">\n\t\t\t\t<div class=\"elementor-widget-container\">\n\t\t\t\t\t<div class=\"elementor-spacer\">\n\t\t\t<div class=\"elementor-spacer-inner\"><\/div>\n\t\t<\/div>\n\t\t\t\t<\/div>\n\t\t\t\t<\/div>\n\t\t\t\t<div class=\"elementor-element elementor-element-0656b29 elementor-widget elementor-widget-heading\" data-id=\"0656b29\" data-element_type=\"widget\" data-widget_type=\"heading.default\">\n\t\t\t\t<div class=\"elementor-widget-container\">\n\t\t\t<h2 class=\"elementor-heading-title elementor-size-large\">Informationen<\/h2>\t\t<\/div>\n\t\t\t\t<\/div>\n\t\t\t\t<div class=\"elementor-element elementor-element-0163f18 elementor-widget elementor-widget-text-editor\" data-id=\"0163f18\" data-element_type=\"widget\" data-widget_type=\"text-editor.default\">\n\t\t\t\t<div class=\"elementor-widget-container\">\n\t\t\t\t\t\t\t\t<div class=\"elementor-text-editor elementor-clearfix\">\n\t\t\t\t<p>Am 17. Mai 1980 verbrannte die maoistische Gruppe Sendero Luminoso (<b>Der Leuchtende Pfad<\/b>) die Wahlurnen in der peruanischen Region Ayacucho. Damit begann eine Phase des bewaffneten Kampfes, mit dem Ziel des kommunistischen Umsturzes in Peru. In den folgenden Jahren wurden fast 70.000 Menschen entf\u00fchrt, gefoltert und ermordet.<\/p>\n<p>Zu Beginn suchte der Leuchtende Pfad die Unterst\u00fctzung der armen und indigenen Bev\u00f6lkerung in den Andenregionen. Doch schon bald sahen sich die meist in der Landwirtschaft t\u00e4tigen Menschen gezwungen, der revolution\u00e4ren Armee beizutreten. Die Guerilla lie\u00df nur eine Wahl: f\u00fcr oder gegen den Volkskrieg. Was mit jenen passierte, die sich gegen die roten Rebellen stellten, zeigte das Massaker von Lucanamarca vom 3. April 1983. Dort wurden etwa 70 Personen ermordet, darunter viele Kinder. Angeblich waren sie KollaborateurInnen, das Massaker galt als Akt der \u00bbVolksjustiz\u00ab.<\/p>\t\t\t\t\t<\/div>\n\t\t\t\t\t\t<\/div>\n\t\t\t\t<\/div>\n\t\t\t\t\t\t<\/div>\n\t\t\t\t\t<\/div>\n\t\t<\/div>\n\t\t\t\t\t\t\t\t<\/div>\n\t\t\t\t\t<\/div>\n\t\t<\/section>\n\t\t\t\t\t\t<\/div>\n\t\t\t\t\t\t<\/div>\n\t\t\t\t\t<\/div>\n\t\t","protected":false},"excerpt":{"rendered":"<p>Achtes Kapitel: Tumba und Pep entkommen einem Terror-anschlag mit Oskars Hilfe Bilder Der ber\u00fchmte Stein mit 12 Ecken Blendgranate Informationen Am 17. Mai 1980 verbrannte die maoistische Gruppe Sendero Luminoso (Der Leuchtende Pfad) die Wahlurnen in der peruanischen Region Ayacucho. Damit begann eine Phase des bewaffneten Kampfes, mit dem Ziel des kommunistischen Umsturzes in Peru. [&hellip;]<\/p>\n","protected":false},"author":1,"featured_media":0,"parent":0,"menu_order":0,"comment_status":"closed","ping_status":"closed","template":"","meta":{"spay_email":""},"_links":{"self":[{"href":"http:\/\/tumba-online.de\/index.php?rest_route=\/wp\/v2\/pages\/528"}],"collection":[{"href":"http:\/\/tumba-online.de\/index.php?rest_route=\/wp\/v2\/pages"}],"about":[{"href":"http:\/\/tumba-online.de\/index.php?rest_route=\/wp\/v2\/types\/page"}],"author":[{"embeddable":true,"href":"http:\/\/tumba-online.de\/index.php?rest_route=\/wp\/v2\/users\/1"}],"replies":[{"embeddable":true,"href":"http:\/\/tumba-online.de\/index.php?rest_route=%2Fwp%2Fv2%2Fcomments&post=528"}],"version-history":[{"count":3,"href":"http:\/\/tumba-online.de\/index.php?rest_route=\/wp\/v2\/pages\/528\/revisions"}],"predecessor-version":[{"id":536,"href":"http:\/\/tumba-online.de\/index.php?rest_route=\/wp\/v2\/pages\/528\/revisions\/536"}],"wp:attachment":[{"href":"http:\/\/tumba-online.de\/index.php?rest_route=%2Fwp%2Fv2%2Fmedia&parent=528"}],"curies":[{"name":"wp","href":"https:\/\/api.w.org\/{rel}","templated":true}]}}