{"id":660,"date":"2020-06-08T06:41:37","date_gmt":"2020-06-08T06:41:37","guid":{"rendered":"http:\/\/tumba-online.de\/?page_id=660"},"modified":"2020-06-08T07:11:31","modified_gmt":"2020-06-08T07:11:31","slug":"teil-2-kapitel-19","status":"publish","type":"page","link":"http:\/\/tumba-online.de\/?page_id=660","title":{"rendered":"Teil 2 &#8211; Kapitel 19"},"content":{"rendered":"\t\t<div data-elementor-type=\"wp-page\" data-elementor-id=\"660\" class=\"elementor elementor-660\" data-elementor-settings=\"[]\">\n\t\t\t\t\t\t<div class=\"elementor-inner\">\n\t\t\t\t\t\t\t<div class=\"elementor-section-wrap\">\n\t\t\t\t\t\t\t<section class=\"elementor-section elementor-top-section elementor-element elementor-element-94974bb elementor-section-boxed elementor-section-height-default elementor-section-height-default\" data-id=\"94974bb\" data-element_type=\"section\">\n\t\t\t\t\t\t<div class=\"elementor-container elementor-column-gap-default\">\n\t\t\t\t\t\t\t<div class=\"elementor-row\">\n\t\t\t\t\t<div class=\"elementor-column elementor-col-100 elementor-top-column elementor-element elementor-element-90f7baa\" data-id=\"90f7baa\" data-element_type=\"column\">\n\t\t\t<div class=\"elementor-column-wrap elementor-element-populated\">\n\t\t\t\t\t\t\t<div class=\"elementor-widget-wrap\">\n\t\t\t\t\t\t<div class=\"elementor-element elementor-element-4219e48 elementor-widget elementor-widget-heading\" data-id=\"4219e48\" data-element_type=\"widget\" data-widget_type=\"heading.default\">\n\t\t\t\t<div class=\"elementor-widget-container\">\n\t\t\t<h2 class=\"elementor-heading-title elementor-size-xl\">Neunzehntes Kapitel: Tumba und Pep st\u00fcrzen \u00fcber den Anden ab<\/h2>\t\t<\/div>\n\t\t\t\t<\/div>\n\t\t\t\t\t\t<\/div>\n\t\t\t\t\t<\/div>\n\t\t<\/div>\n\t\t\t\t\t\t\t\t<\/div>\n\t\t\t\t\t<\/div>\n\t\t<\/section>\n\t\t\t\t<section class=\"elementor-section elementor-top-section elementor-element elementor-element-46305b2 elementor-section-boxed elementor-section-height-default elementor-section-height-default\" data-id=\"46305b2\" data-element_type=\"section\">\n\t\t\t\t\t\t<div class=\"elementor-container elementor-column-gap-default\">\n\t\t\t\t\t\t\t<div class=\"elementor-row\">\n\t\t\t\t\t<div class=\"elementor-column elementor-col-100 elementor-top-column elementor-element elementor-element-933e252\" data-id=\"933e252\" data-element_type=\"column\">\n\t\t\t<div class=\"elementor-column-wrap elementor-element-populated\">\n\t\t\t\t\t\t\t<div class=\"elementor-widget-wrap\">\n\t\t\t\t\t\t<div class=\"elementor-element elementor-element-29100df elementor-widget elementor-widget-heading\" data-id=\"29100df\" data-element_type=\"widget\" data-widget_type=\"heading.default\">\n\t\t\t\t<div class=\"elementor-widget-container\">\n\t\t\t<h2 class=\"elementor-heading-title elementor-size-large\">Bilder<\/h2>\t\t<\/div>\n\t\t\t\t<\/div>\n\t\t\t\t\t\t<\/div>\n\t\t\t\t\t<\/div>\n\t\t<\/div>\n\t\t\t\t\t\t\t\t<\/div>\n\t\t\t\t\t<\/div>\n\t\t<\/section>\n\t\t\t\t<section class=\"elementor-section elementor-top-section elementor-element elementor-element-57aa169 elementor-section-boxed elementor-section-height-default elementor-section-height-default\" data-id=\"57aa169\" data-element_type=\"section\">\n\t\t\t\t\t\t<div class=\"elementor-container elementor-column-gap-default\">\n\t\t\t\t\t\t\t<div class=\"elementor-row\">\n\t\t\t\t\t<div class=\"elementor-column elementor-col-50 elementor-top-column elementor-element elementor-element-5fca8cb\" data-id=\"5fca8cb\" data-element_type=\"column\">\n\t\t\t<div class=\"elementor-column-wrap elementor-element-populated\">\n\t\t\t\t\t\t\t<div class=\"elementor-widget-wrap\">\n\t\t\t\t\t\t<div class=\"elementor-element elementor-element-4ace2bf elementor-widget elementor-widget-heading\" data-id=\"4ace2bf\" data-element_type=\"widget\" data-widget_type=\"heading.default\">\n\t\t\t\t<div class=\"elementor-widget-container\">\n\t\t\t<h2 class=\"elementor-heading-title elementor-size-default\">Blick auf Lima<\/h2>\t\t<\/div>\n\t\t\t\t<\/div>\n\t\t\t\t<div class=\"elementor-element elementor-element-0d7ba28 elementor-widget elementor-widget-image\" data-id=\"0d7ba28\" data-element_type=\"widget\" data-widget_type=\"image.default\">\n\t\t\t\t<div class=\"elementor-widget-container\">\n\t\t\t\t\t\t\t\t<div class=\"elementor-image\">\n\t\t\t\t\t\t\t\t\t\t\t\t<img width=\"271\" height=\"186\" src=\"http:\/\/tumba-online.de\/wp-content\/uploads\/2020\/06\/images-19.jpg\" class=\"attachment-large size-large\" alt=\"\" loading=\"lazy\" \/>\t\t\t\t\t\t\t\t\t\t\t\t\t\t<\/div>\n\t\t\t\t\t\t<\/div>\n\t\t\t\t<\/div>\n\t\t\t\t\t\t<\/div>\n\t\t\t\t\t<\/div>\n\t\t<\/div>\n\t\t\t\t<div class=\"elementor-column elementor-col-50 elementor-top-column elementor-element elementor-element-8c25ef0\" data-id=\"8c25ef0\" data-element_type=\"column\">\n\t\t\t<div class=\"elementor-column-wrap elementor-element-populated\">\n\t\t\t\t\t\t\t<div class=\"elementor-widget-wrap\">\n\t\t\t\t\t\t<div class=\"elementor-element elementor-element-763904d elementor-widget elementor-widget-heading\" data-id=\"763904d\" data-element_type=\"widget\" data-widget_type=\"heading.default\">\n\t\t\t\t<div class=\"elementor-widget-container\">\n\t\t\t<h2 class=\"elementor-heading-title elementor-size-default\">Die Andenkette<\/h2>\t\t<\/div>\n\t\t\t\t<\/div>\n\t\t\t\t<div class=\"elementor-element elementor-element-9749a51 elementor-widget elementor-widget-image\" data-id=\"9749a51\" data-element_type=\"widget\" data-widget_type=\"image.default\">\n\t\t\t\t<div class=\"elementor-widget-container\">\n\t\t\t\t\t\t\t\t<div class=\"elementor-image\">\n\t\t\t\t\t\t\t\t\t\t\t\t<img width=\"1024\" height=\"768\" src=\"http:\/\/tumba-online.de\/wp-content\/uploads\/2020\/06\/Andenkette-1024x768.jpg\" class=\"attachment-large size-large\" alt=\"\" loading=\"lazy\" srcset=\"http:\/\/tumba-online.de\/wp-content\/uploads\/2020\/06\/Andenkette-1024x768.jpg 1024w, http:\/\/tumba-online.de\/wp-content\/uploads\/2020\/06\/Andenkette-300x225.jpg 300w, http:\/\/tumba-online.de\/wp-content\/uploads\/2020\/06\/Andenkette-768x576.jpg 768w, http:\/\/tumba-online.de\/wp-content\/uploads\/2020\/06\/Andenkette-1536x1152.jpg 1536w, http:\/\/tumba-online.de\/wp-content\/uploads\/2020\/06\/Andenkette.jpg 1600w\" sizes=\"(max-width: 1024px) 100vw, 1024px\" \/>\t\t\t\t\t\t\t\t\t\t\t\t\t\t<\/div>\n\t\t\t\t\t\t<\/div>\n\t\t\t\t<\/div>\n\t\t\t\t\t\t<\/div>\n\t\t\t\t\t<\/div>\n\t\t<\/div>\n\t\t\t\t\t\t\t\t<\/div>\n\t\t\t\t\t<\/div>\n\t\t<\/section>\n\t\t\t\t<section class=\"elementor-section elementor-top-section elementor-element elementor-element-5017350 elementor-section-boxed elementor-section-height-default elementor-section-height-default\" data-id=\"5017350\" data-element_type=\"section\">\n\t\t\t\t\t\t<div class=\"elementor-container elementor-column-gap-default\">\n\t\t\t\t\t\t\t<div class=\"elementor-row\">\n\t\t\t\t\t<div class=\"elementor-column elementor-col-100 elementor-top-column elementor-element elementor-element-fee51c4\" data-id=\"fee51c4\" data-element_type=\"column\">\n\t\t\t<div class=\"elementor-column-wrap elementor-element-populated\">\n\t\t\t\t\t\t\t<div class=\"elementor-widget-wrap\">\n\t\t\t\t\t\t<div class=\"elementor-element elementor-element-4b1fbee elementor-widget elementor-widget-heading\" data-id=\"4b1fbee\" data-element_type=\"widget\" data-widget_type=\"heading.default\">\n\t\t\t\t<div class=\"elementor-widget-container\">\n\t\t\t<h2 class=\"elementor-heading-title elementor-size-default\">Unwetter vorraus!<\/h2>\t\t<\/div>\n\t\t\t\t<\/div>\n\t\t\t\t\t\t<\/div>\n\t\t\t\t\t<\/div>\n\t\t<\/div>\n\t\t\t\t\t\t\t\t<\/div>\n\t\t\t\t\t<\/div>\n\t\t<\/section>\n\t\t\t\t<section class=\"elementor-section elementor-top-section elementor-element elementor-element-61a6cb9 elementor-section-boxed elementor-section-height-default elementor-section-height-default\" data-id=\"61a6cb9\" data-element_type=\"section\">\n\t\t\t\t\t\t<div class=\"elementor-container elementor-column-gap-default\">\n\t\t\t\t\t\t\t<div class=\"elementor-row\">\n\t\t\t\t\t<div class=\"elementor-column elementor-col-50 elementor-top-column elementor-element elementor-element-ad72c46\" data-id=\"ad72c46\" data-element_type=\"column\">\n\t\t\t<div class=\"elementor-column-wrap elementor-element-populated\">\n\t\t\t\t\t\t\t<div class=\"elementor-widget-wrap\">\n\t\t\t\t\t\t<div class=\"elementor-element elementor-element-dc67cb7 elementor-widget elementor-widget-image\" data-id=\"dc67cb7\" data-element_type=\"widget\" data-widget_type=\"image.default\">\n\t\t\t\t<div class=\"elementor-widget-container\">\n\t\t\t\t\t\t\t\t<div class=\"elementor-image\">\n\t\t\t\t\t\t\t\t\t\t\t\t<img width=\"960\" height=\"540\" src=\"http:\/\/tumba-online.de\/wp-content\/uploads\/2020\/06\/helicopter-2966569_960_720.jpg\" class=\"attachment-large size-large\" alt=\"\" loading=\"lazy\" srcset=\"http:\/\/tumba-online.de\/wp-content\/uploads\/2020\/06\/helicopter-2966569_960_720.jpg 960w, http:\/\/tumba-online.de\/wp-content\/uploads\/2020\/06\/helicopter-2966569_960_720-300x169.jpg 300w, http:\/\/tumba-online.de\/wp-content\/uploads\/2020\/06\/helicopter-2966569_960_720-768x432.jpg 768w\" sizes=\"(max-width: 960px) 100vw, 960px\" \/>\t\t\t\t\t\t\t\t\t\t\t\t\t\t<\/div>\n\t\t\t\t\t\t<\/div>\n\t\t\t\t<\/div>\n\t\t\t\t\t\t<\/div>\n\t\t\t\t\t<\/div>\n\t\t<\/div>\n\t\t\t\t<div class=\"elementor-column elementor-col-50 elementor-top-column elementor-element elementor-element-ed6cf64\" data-id=\"ed6cf64\" data-element_type=\"column\">\n\t\t\t<div class=\"elementor-column-wrap elementor-element-populated\">\n\t\t\t\t\t\t\t<div class=\"elementor-widget-wrap\">\n\t\t\t\t\t\t<div class=\"elementor-element elementor-element-aedd974 elementor-widget elementor-widget-image\" data-id=\"aedd974\" data-element_type=\"widget\" data-widget_type=\"image.default\">\n\t\t\t\t<div class=\"elementor-widget-container\">\n\t\t\t\t\t\t\t\t<div class=\"elementor-image\">\n\t\t\t\t\t\t\t\t\t\t\t\t<img width=\"275\" height=\"183\" src=\"http:\/\/tumba-online.de\/wp-content\/uploads\/2020\/06\/Download-20.jpg\" class=\"attachment-large size-large\" alt=\"\" loading=\"lazy\" \/>\t\t\t\t\t\t\t\t\t\t\t\t\t\t<\/div>\n\t\t\t\t\t\t<\/div>\n\t\t\t\t<\/div>\n\t\t\t\t\t\t<\/div>\n\t\t\t\t\t<\/div>\n\t\t<\/div>\n\t\t\t\t\t\t\t\t<\/div>\n\t\t\t\t\t<\/div>\n\t\t<\/section>\n\t\t\t\t<section class=\"elementor-section elementor-top-section elementor-element elementor-element-bab64bf elementor-section-boxed elementor-section-height-default elementor-section-height-default\" data-id=\"bab64bf\" data-element_type=\"section\">\n\t\t\t\t\t\t<div class=\"elementor-container elementor-column-gap-default\">\n\t\t\t\t\t\t\t<div class=\"elementor-row\">\n\t\t\t\t\t<div class=\"elementor-column elementor-col-100 elementor-top-column elementor-element elementor-element-65e9446\" data-id=\"65e9446\" data-element_type=\"column\">\n\t\t\t<div class=\"elementor-column-wrap elementor-element-populated\">\n\t\t\t\t\t\t\t<div class=\"elementor-widget-wrap\">\n\t\t\t\t\t\t<div class=\"elementor-element elementor-element-be04d50 elementor-widget elementor-widget-heading\" data-id=\"be04d50\" data-element_type=\"widget\" data-widget_type=\"heading.default\">\n\t\t\t\t<div class=\"elementor-widget-container\">\n\t\t\t<h2 class=\"elementor-heading-title elementor-size-default\">Der Absturz<\/h2>\t\t<\/div>\n\t\t\t\t<\/div>\n\t\t\t\t\t\t<\/div>\n\t\t\t\t\t<\/div>\n\t\t<\/div>\n\t\t\t\t\t\t\t\t<\/div>\n\t\t\t\t\t<\/div>\n\t\t<\/section>\n\t\t\t\t<section class=\"elementor-section elementor-top-section elementor-element elementor-element-8e95caa elementor-section-boxed elementor-section-height-default elementor-section-height-default\" data-id=\"8e95caa\" data-element_type=\"section\">\n\t\t\t\t\t\t<div class=\"elementor-container elementor-column-gap-default\">\n\t\t\t\t\t\t\t<div class=\"elementor-row\">\n\t\t\t\t\t<div class=\"elementor-column elementor-col-50 elementor-top-column elementor-element elementor-element-e3f12c1\" data-id=\"e3f12c1\" data-element_type=\"column\">\n\t\t\t<div class=\"elementor-column-wrap elementor-element-populated\">\n\t\t\t\t\t\t\t<div class=\"elementor-widget-wrap\">\n\t\t\t\t\t\t<div class=\"elementor-element elementor-element-18b22c6 elementor-widget elementor-widget-image\" data-id=\"18b22c6\" data-element_type=\"widget\" data-widget_type=\"image.default\">\n\t\t\t\t<div class=\"elementor-widget-container\">\n\t\t\t\t\t\t\t\t<div class=\"elementor-image\">\n\t\t\t\t\t\t\t\t\t\t\t\t<img width=\"1024\" height=\"685\" src=\"http:\/\/tumba-online.de\/wp-content\/uploads\/2020\/06\/crash-2.jpg.png\" class=\"attachment-large size-large\" alt=\"\" loading=\"lazy\" srcset=\"http:\/\/tumba-online.de\/wp-content\/uploads\/2020\/06\/crash-2.jpg.png 1024w, http:\/\/tumba-online.de\/wp-content\/uploads\/2020\/06\/crash-2.jpg-300x201.png 300w, http:\/\/tumba-online.de\/wp-content\/uploads\/2020\/06\/crash-2.jpg-768x514.png 768w\" sizes=\"(max-width: 1024px) 100vw, 1024px\" \/>\t\t\t\t\t\t\t\t\t\t\t\t\t\t<\/div>\n\t\t\t\t\t\t<\/div>\n\t\t\t\t<\/div>\n\t\t\t\t\t\t<\/div>\n\t\t\t\t\t<\/div>\n\t\t<\/div>\n\t\t\t\t<div class=\"elementor-column elementor-col-50 elementor-top-column elementor-element elementor-element-5481467\" data-id=\"5481467\" data-element_type=\"column\">\n\t\t\t<div class=\"elementor-column-wrap elementor-element-populated\">\n\t\t\t\t\t\t\t<div class=\"elementor-widget-wrap\">\n\t\t\t\t\t\t<div class=\"elementor-element elementor-element-d6b1a18 elementor-widget elementor-widget-image\" data-id=\"d6b1a18\" data-element_type=\"widget\" data-widget_type=\"image.default\">\n\t\t\t\t<div class=\"elementor-widget-container\">\n\t\t\t\t\t\t\t\t<div class=\"elementor-image\">\n\t\t\t\t\t\t\t\t\t\t\t\t<img width=\"762\" height=\"574\" src=\"http:\/\/tumba-online.de\/wp-content\/uploads\/2020\/06\/crash-nach-Schneefall-SOS.jpg\" class=\"attachment-large size-large\" alt=\"\" loading=\"lazy\" srcset=\"http:\/\/tumba-online.de\/wp-content\/uploads\/2020\/06\/crash-nach-Schneefall-SOS.jpg 762w, http:\/\/tumba-online.de\/wp-content\/uploads\/2020\/06\/crash-nach-Schneefall-SOS-300x226.jpg 300w\" sizes=\"(max-width: 762px) 100vw, 762px\" \/>\t\t\t\t\t\t\t\t\t\t\t\t\t\t<\/div>\n\t\t\t\t\t\t<\/div>\n\t\t\t\t<\/div>\n\t\t\t\t\t\t<\/div>\n\t\t\t\t\t<\/div>\n\t\t<\/div>\n\t\t\t\t\t\t\t\t<\/div>\n\t\t\t\t\t<\/div>\n\t\t<\/section>\n\t\t\t\t<section class=\"elementor-section elementor-top-section elementor-element elementor-element-7e61271 elementor-section-boxed elementor-section-height-default elementor-section-height-default\" data-id=\"7e61271\" data-element_type=\"section\">\n\t\t\t\t\t\t<div class=\"elementor-container elementor-column-gap-default\">\n\t\t\t\t\t\t\t<div class=\"elementor-row\">\n\t\t\t\t\t<div class=\"elementor-column elementor-col-100 elementor-top-column elementor-element elementor-element-e1037e4\" data-id=\"e1037e4\" data-element_type=\"column\">\n\t\t\t<div class=\"elementor-column-wrap elementor-element-populated\">\n\t\t\t\t\t\t\t<div class=\"elementor-widget-wrap\">\n\t\t\t\t\t\t<div class=\"elementor-element elementor-element-aa95546 elementor-widget elementor-widget-heading\" data-id=\"aa95546\" data-element_type=\"widget\" data-widget_type=\"heading.default\">\n\t\t\t\t<div class=\"elementor-widget-container\">\n\t\t\t<h2 class=\"elementor-heading-title elementor-size-large\">Informationen<\/h2>\t\t<\/div>\n\t\t\t\t<\/div>\n\t\t\t\t<div class=\"elementor-element elementor-element-9d8df9a elementor-widget elementor-widget-image\" data-id=\"9d8df9a\" data-element_type=\"widget\" data-widget_type=\"image.default\">\n\t\t\t\t<div class=\"elementor-widget-container\">\n\t\t\t\t\t\t\t\t<div class=\"elementor-image\">\n\t\t\t\t\t\t\t\t\t\t\t\t<img width=\"1024\" height=\"670\" src=\"http:\/\/tumba-online.de\/wp-content\/uploads\/2020\/06\/69451e1e-0001-0004-0000-000000595371_w1528_r1.5285268237297758_fpx34.66_fpy54.99-1024x670.jpg\" class=\"attachment-large size-large\" alt=\"\" loading=\"lazy\" srcset=\"http:\/\/tumba-online.de\/wp-content\/uploads\/2020\/06\/69451e1e-0001-0004-0000-000000595371_w1528_r1.5285268237297758_fpx34.66_fpy54.99-1024x670.jpg 1024w, http:\/\/tumba-online.de\/wp-content\/uploads\/2020\/06\/69451e1e-0001-0004-0000-000000595371_w1528_r1.5285268237297758_fpx34.66_fpy54.99-300x196.jpg 300w, http:\/\/tumba-online.de\/wp-content\/uploads\/2020\/06\/69451e1e-0001-0004-0000-000000595371_w1528_r1.5285268237297758_fpx34.66_fpy54.99-768x503.jpg 768w, http:\/\/tumba-online.de\/wp-content\/uploads\/2020\/06\/69451e1e-0001-0004-0000-000000595371_w1528_r1.5285268237297758_fpx34.66_fpy54.99.jpg 1528w\" sizes=\"(max-width: 1024px) 100vw, 1024px\" \/>\t\t\t\t\t\t\t\t\t\t\t\t\t\t<\/div>\n\t\t\t\t\t\t<\/div>\n\t\t\t\t<\/div>\n\t\t\t\t<div class=\"elementor-element elementor-element-6e9a26b elementor-widget elementor-widget-text-editor\" data-id=\"6e9a26b\" data-element_type=\"widget\" data-widget_type=\"text-editor.default\">\n\t\t\t\t<div class=\"elementor-widget-container\">\n\t\t\t\t\t\t\t\t<div class=\"elementor-text-editor elementor-clearfix\">\n\t\t\t\t<p><strong>Die Kannibalen von Flug 571<\/strong><\/p><p>Ein Flugzeug st\u00fcrzt in den Anden ab, die Suche wird bald eingestellt. Doch ein Teil der Passagiere \u00fcberlebt monatelang im ewigen Eis des Hochgebirges &#8211; dank einer grausigen Entscheidung. Als &#8222;Wunder der Anden&#8220; ging das Drama im Jahr 1972 in die Annalen ein.<\/p><p>Flug 571 k\u00e4mpft am 13. Oktober 1972 zwischen bis zu 6000 Meter hohen Andengipfeln mit Orkanb\u00f6en und eisigen Schneeschauern. Die Turboprop der uruguayischen Luftwaffe ist auf dem Weg von Monte-video in Uruguay nach Santiago de Chile. An Bord sind 45 Passagiere, Mitglieder, Betreuer und Angeh\u00f6rige der Rugbymannschaft des Old Christian&#8217;s Club, die in der chilenischen Metropole ein Freundschafts-spiel absolvieren will und das Flugzeug gechartert hat. Die Crew will umdrehen, zur\u00fcckfliegen. Das Rugbyteam will \u00fcber die Anden, unbedingt.<\/p><p>Was dann folgt ist ein menschliches Drama, so grausig wie aus einer griechischen Trag\u00f6die.<\/p><p>In 4000 Meter H\u00f6he zerschellt die Fairchild an einem Berghang. Von den Insassen stirbt ein Dutzend schon beim Aufprall. &#8222;Ich schaute auf den Boden und sah Leute, die schon tot waren&#8220;, erinnert sich ein \u00dcber-lebender. &#8222;Wir wussten nicht, was von nun an geschehen w\u00fcrde. Wir hatten in einem komfortablen Flugzeug gesessen, waren unbek\u00fcmmert, und auf einen Schlag waren wir im Schnee, in den Bergen. Du wei\u00dft nicht, wo Du bist, auf welcher H\u00f6he; Du zitterst vor K\u00e4lte, viele Freunde sind tot.&#8220;<\/p><p><strong>&#8222;Ich dachte, dass es den Toten besser ging als uns&#8220;<\/strong><\/p><p>Die Absturzstelle liegt in einem Gebiet, in das nie zuvor ein Mensch seinen Fu\u00df gesetzt hat &#8211; eine leere, leblose, wei\u00dfe H\u00f6lle. Es herrschen extreme Minusgrade, bis 40 Grad unter Null. Wer verletzt ist, hat keine Chance, f\u00fcnf weitere Passagiere \u00fcberstehen die erste Nacht nicht. Die \u00dcberlebenden begraben ihre toten Kameraden im ewigen Schnee &#8211; und hoffen auf schnelle Rettung f\u00fcr sich selbst.<\/p><p>Doch die Suchflugzeuge der chilenischen Luftrettung k\u00f6nnen nicht hoch genug aufsteigen, um die abgest\u00fcrzte Fairchild, die in einem Hochtal liegt, zu entdecken. Acht Tage nachdem die Maschine von den Radarschirmen der Flug\u00fcberwachung verschwunden ist, wird die Suche eingestellt. Die Verschollenen h\u00f6ren die Meldung \u00fcber den Abbruch der Rettungsaktion \u00fcber ein Transistorradio.<\/p><p>&#8222;Ich dachte, dass es den Toten besser ginge als uns&#8220;, erinnert sich ein Opfer. &#8222;Es sah so aus, als m\u00fcssten wir alle eine lange Agonie in Kauf nehmen um dann doch alle zu sterben.&#8220; Die ersten Tage ern\u00e4hren sich die Abgest\u00fcrzten von etwas Schokolade und Wein, den sie im Gep\u00e4ck hatten. Dann gehen sie \u00fcber zu kleinen, genau rationierten Mengen von Zahnpasta. Schlie\u00dflich trinken sie ihr Rasierwasser\u2026\u2026\u2026<\/p><p>Nach \u00fcber 60 Tagen im ewigen Eis der Bergwelt entschlie\u00dft sich die Gruppe, das Unm\u00f6gliche zu wagen: Eine Expedition soll sich auf eigene Faust durchschlagen und Hilfe holen &#8211; obwohl die Abgest\u00fcrzten keine Ahnung haben, wo sie sind und wohin sie m\u00fcssen. Soll der Vortrupp nach Westen oder nach Osten marschieren? Die drei Kr\u00e4ftigsten werden ausgew\u00e4hlt, Str\u00fcmpfe dienen als Proviantbeh\u00e4lter. Dann geht es los. Als der kleine Trupp in der immer d\u00fcnner werdenden Luft nach drei Tagen den ersten H\u00f6hengrat erreicht, von dem das Trio glaubt, dass er den Blick auf das Tiefland im Westen versperrt, ist die Entt\u00e4uschung grenzenlos: soweit das Auge reicht nicht als Eis, Schnee, st\u00fcrmische Gipfel. Einer von ihnen muss umkehren, damit die anderen mehr Proviant haben. Sollen die beiden anderen es allein wagen? &#8222;Roberto sagte mir, es wird sehr schwer. Du wei\u00dft, wir werden sterben&#8220;, erinnert sich Fernando Parrado sp\u00e4ter \u00fcber den Moment auf dem Grat mit seinem Schicksalsgenossen Roberto Canessa. &#8222;Ich sagte ihm: Ja, aber wir werden im Gehen sterben. Kommst Du mit? Und er sagte: Wenn du gehst, dann gehe ich auch. Das war der ergreifendste Augenblick meines Lebens.&#8220;<\/p><p>Nachdem das Duo sich eine Woche unter unvorstellbaren Strapazen durch die unwirtliche Bergwelt geschleppt hat, erreichen sie die schneefreie Zone. Jetzt haben sie zumindest eine Chance. Drei weitere Tage dauert es, bis die beiden einen Gebirgsfluss erreichen. Auf der anderen Seite steht der Hirte Sergio Catalan. Es ist zwei Tage vor Weihnachten. Das Drama im Schnee ist zu Ende, das &#8222;Wunder der Anden&#8220; geboren. Hubschrauber der chilenischen Luftwaffe finden kurz darauf das Wrack der Fairchild und retten die 14 \u00fcbrigen \u00dcberlebenden. Soldaten begraben die Toten und deren \u00dcberreste unter Steinen, das Flugzeugwrack \u00fcbergie\u00dfen sie mit Kerosin und z\u00fcnden es an.\u00a0<\/p><p>\u00a0<\/p><p><span style=\"text-decoration: underline;\">Quelle: <a href=\"https:\/\/www.spiegel.de\/geschichte\/kampf-ums-ueberleben-a-948477.html\">https:\/\/www.spiegel.de\/geschichte\/kampf-ums-ueberleben-a-948477.html<\/a><\/span><\/p>\t\t\t\t\t<\/div>\n\t\t\t\t\t\t<\/div>\n\t\t\t\t<\/div>\n\t\t\t\t\t\t<\/div>\n\t\t\t\t\t<\/div>\n\t\t<\/div>\n\t\t\t\t\t\t\t\t<\/div>\n\t\t\t\t\t<\/div>\n\t\t<\/section>\n\t\t\t\t\t\t<\/div>\n\t\t\t\t\t\t<\/div>\n\t\t\t\t\t<\/div>\n\t\t","protected":false},"excerpt":{"rendered":"<p>Neunzehntes Kapitel: Tumba und Pep st\u00fcrzen \u00fcber den Anden ab Bilder Blick auf Lima Die Andenkette Unwetter vorraus! Der Absturz Informationen Die Kannibalen von Flug 571 Ein Flugzeug st\u00fcrzt in den Anden ab, die Suche wird bald eingestellt. Doch ein Teil der Passagiere \u00fcberlebt monatelang im ewigen Eis des Hochgebirges &#8211; dank einer grausigen Entscheidung. [&hellip;]<\/p>\n","protected":false},"author":1,"featured_media":0,"parent":0,"menu_order":0,"comment_status":"closed","ping_status":"closed","template":"","meta":{"spay_email":""},"_links":{"self":[{"href":"http:\/\/tumba-online.de\/index.php?rest_route=\/wp\/v2\/pages\/660"}],"collection":[{"href":"http:\/\/tumba-online.de\/index.php?rest_route=\/wp\/v2\/pages"}],"about":[{"href":"http:\/\/tumba-online.de\/index.php?rest_route=\/wp\/v2\/types\/page"}],"author":[{"embeddable":true,"href":"http:\/\/tumba-online.de\/index.php?rest_route=\/wp\/v2\/users\/1"}],"replies":[{"embeddable":true,"href":"http:\/\/tumba-online.de\/index.php?rest_route=%2Fwp%2Fv2%2Fcomments&post=660"}],"version-history":[{"count":3,"href":"http:\/\/tumba-online.de\/index.php?rest_route=\/wp\/v2\/pages\/660\/revisions"}],"predecessor-version":[{"id":760,"href":"http:\/\/tumba-online.de\/index.php?rest_route=\/wp\/v2\/pages\/660\/revisions\/760"}],"wp:attachment":[{"href":"http:\/\/tumba-online.de\/index.php?rest_route=%2Fwp%2Fv2%2Fmedia&parent=660"}],"curies":[{"name":"wp","href":"https:\/\/api.w.org\/{rel}","templated":true}]}}