{"id":765,"date":"2020-06-09T06:43:55","date_gmt":"2020-06-09T06:43:55","guid":{"rendered":"http:\/\/tumba-online.de\/?page_id=765"},"modified":"2021-02-22T10:20:59","modified_gmt":"2021-02-22T10:20:59","slug":"teil-2-kapitel-20-21","status":"publish","type":"page","link":"http:\/\/tumba-online.de\/?page_id=765","title":{"rendered":"Teil 2 &#8211; Kapitel 20-22"},"content":{"rendered":"\t\t<div data-elementor-type=\"wp-page\" data-elementor-id=\"765\" class=\"elementor elementor-765\" data-elementor-settings=\"[]\">\n\t\t\t\t\t\t<div class=\"elementor-inner\">\n\t\t\t\t\t\t\t<div class=\"elementor-section-wrap\">\n\t\t\t\t\t\t\t<section class=\"elementor-section elementor-top-section elementor-element elementor-element-07113cf elementor-section-boxed elementor-section-height-default elementor-section-height-default\" data-id=\"07113cf\" data-element_type=\"section\">\n\t\t\t\t\t\t<div class=\"elementor-container elementor-column-gap-default\">\n\t\t\t\t\t\t\t<div class=\"elementor-row\">\n\t\t\t\t\t<div class=\"elementor-column elementor-col-100 elementor-top-column elementor-element elementor-element-21978e0\" data-id=\"21978e0\" data-element_type=\"column\">\n\t\t\t<div class=\"elementor-column-wrap elementor-element-populated\">\n\t\t\t\t\t\t\t<div class=\"elementor-widget-wrap\">\n\t\t\t\t\t\t<div class=\"elementor-element elementor-element-3cce4c3 elementor-widget elementor-widget-heading\" data-id=\"3cce4c3\" data-element_type=\"widget\" data-widget_type=\"heading.default\">\n\t\t\t\t<div class=\"elementor-widget-container\">\n\t\t\t<h2 class=\"elementor-heading-title elementor-size-xl\">Zwanzigstes bis Zweiundzwanzigstes Kapitel: \nDie Rettung\nGeplante Flugroute und Anbsturzstelle in den Anden\n<\/h2>\t\t<\/div>\n\t\t\t\t<\/div>\n\t\t\t\t<div class=\"elementor-element elementor-element-d302137 elementor-widget elementor-widget-image\" data-id=\"d302137\" data-element_type=\"widget\" data-widget_type=\"image.default\">\n\t\t\t\t<div class=\"elementor-widget-container\">\n\t\t\t\t\t\t\t\t<div class=\"elementor-image\">\n\t\t\t\t\t\t\t\t\t\t\t\t\t<a href=\"http:\/\/tumba-online.de\/wp-content\/uploads\/2020\/06\/2020-03-17.png\" data-elementor-open-lightbox=\"yes\" data-elementor-lightbox-title=\"2020-03-17\">\n\t\t\t\t\t\t\t<img width=\"300\" height=\"300\" src=\"http:\/\/tumba-online.de\/wp-content\/uploads\/2020\/06\/2020-03-17-300x300.png\" class=\"attachment-medium size-medium\" alt=\"\" loading=\"lazy\" srcset=\"http:\/\/tumba-online.de\/wp-content\/uploads\/2020\/06\/2020-03-17-300x300.png 300w, http:\/\/tumba-online.de\/wp-content\/uploads\/2020\/06\/2020-03-17-150x150.png 150w, http:\/\/tumba-online.de\/wp-content\/uploads\/2020\/06\/2020-03-17.png 739w\" sizes=\"(max-width: 300px) 100vw, 300px\" \/>\t\t\t\t\t\t\t\t<\/a>\n\t\t\t\t\t\t\t\t\t\t\t\t\t\t<\/div>\n\t\t\t\t\t\t<\/div>\n\t\t\t\t<\/div>\n\t\t\t\t<div class=\"elementor-element elementor-element-4eeb48a elementor-widget elementor-widget-heading\" data-id=\"4eeb48a\" data-element_type=\"widget\" data-widget_type=\"heading.default\">\n\t\t\t\t<div class=\"elementor-widget-container\">\n\t\t\t<h2 class=\"elementor-heading-title elementor-size-large\">Bilder<\/h2>\t\t<\/div>\n\t\t\t\t<\/div>\n\t\t\t\t<div class=\"elementor-element elementor-element-b74b598 elementor-widget elementor-widget-heading\" data-id=\"b74b598\" data-element_type=\"widget\" data-widget_type=\"heading.default\">\n\t\t\t\t<div class=\"elementor-widget-container\">\n\t\t\t<h2 class=\"elementor-heading-title elementor-size-default\">Ein Rettungsflugzeug wirft eine Botschaft ab.<\/h2>\t\t<\/div>\n\t\t\t\t<\/div>\n\t\t\t\t<div class=\"elementor-element elementor-element-1044e30 elementor-widget elementor-widget-image\" data-id=\"1044e30\" data-element_type=\"widget\" data-widget_type=\"image.default\">\n\t\t\t\t<div class=\"elementor-widget-container\">\n\t\t\t\t\t\t\t\t<div class=\"elementor-image\">\n\t\t\t\t\t\t\t\t\t\t\t\t<img width=\"960\" height=\"638\" src=\"http:\/\/tumba-online.de\/wp-content\/uploads\/2020\/06\/airplane-.jpg.png\" class=\"attachment-large size-large\" alt=\"\" loading=\"lazy\" srcset=\"http:\/\/tumba-online.de\/wp-content\/uploads\/2020\/06\/airplane-.jpg.png 960w, http:\/\/tumba-online.de\/wp-content\/uploads\/2020\/06\/airplane-.jpg-300x199.png 300w, http:\/\/tumba-online.de\/wp-content\/uploads\/2020\/06\/airplane-.jpg-768x510.png 768w\" sizes=\"(max-width: 960px) 100vw, 960px\" \/>\t\t\t\t\t\t\t\t\t\t\t\t\t\t<\/div>\n\t\t\t\t\t\t<\/div>\n\t\t\t\t<\/div>\n\t\t\t\t<div class=\"elementor-element elementor-element-964c92d elementor-widget elementor-widget-heading\" data-id=\"964c92d\" data-element_type=\"widget\" data-widget_type=\"heading.default\">\n\t\t\t\t<div class=\"elementor-widget-container\">\n\t\t\t<h2 class=\"elementor-heading-title elementor-size-default\">Der Rettungshubschrauber seilt einen Retter ab und landet auf dem Schneefeld<\/h2>\t\t<\/div>\n\t\t\t\t<\/div>\n\t\t\t\t\t\t<\/div>\n\t\t\t\t\t<\/div>\n\t\t<\/div>\n\t\t\t\t\t\t\t\t<\/div>\n\t\t\t\t\t<\/div>\n\t\t<\/section>\n\t\t\t\t<section class=\"elementor-section elementor-top-section elementor-element elementor-element-11feee6 elementor-section-boxed elementor-section-height-default elementor-section-height-default\" data-id=\"11feee6\" data-element_type=\"section\">\n\t\t\t\t\t\t<div class=\"elementor-container elementor-column-gap-default\">\n\t\t\t\t\t\t\t<div class=\"elementor-row\">\n\t\t\t\t\t<div class=\"elementor-column elementor-col-50 elementor-top-column elementor-element elementor-element-f7fdf0e\" data-id=\"f7fdf0e\" data-element_type=\"column\">\n\t\t\t<div class=\"elementor-column-wrap elementor-element-populated\">\n\t\t\t\t\t\t\t<div class=\"elementor-widget-wrap\">\n\t\t\t\t\t\t<div class=\"elementor-element elementor-element-f307a26 elementor-widget elementor-widget-image\" data-id=\"f307a26\" data-element_type=\"widget\" data-widget_type=\"image.default\">\n\t\t\t\t<div class=\"elementor-widget-container\">\n\t\t\t\t\t\t\t\t<div class=\"elementor-image\">\n\t\t\t\t\t\t\t\t\t\t\t\t<img width=\"510\" height=\"340\" src=\"http:\/\/tumba-online.de\/wp-content\/uploads\/2020\/06\/sea-king-1686727__340.jpg\" class=\"attachment-large size-large\" alt=\"\" loading=\"lazy\" srcset=\"http:\/\/tumba-online.de\/wp-content\/uploads\/2020\/06\/sea-king-1686727__340.jpg 510w, http:\/\/tumba-online.de\/wp-content\/uploads\/2020\/06\/sea-king-1686727__340-300x200.jpg 300w\" sizes=\"(max-width: 510px) 100vw, 510px\" \/>\t\t\t\t\t\t\t\t\t\t\t\t\t\t<\/div>\n\t\t\t\t\t\t<\/div>\n\t\t\t\t<\/div>\n\t\t\t\t\t\t<\/div>\n\t\t\t\t\t<\/div>\n\t\t<\/div>\n\t\t\t\t<div class=\"elementor-column elementor-col-50 elementor-top-column elementor-element elementor-element-9abc86f\" data-id=\"9abc86f\" data-element_type=\"column\">\n\t\t\t<div class=\"elementor-column-wrap elementor-element-populated\">\n\t\t\t\t\t\t\t<div class=\"elementor-widget-wrap\">\n\t\t\t\t\t\t<div class=\"elementor-element elementor-element-64475ad elementor-widget elementor-widget-image\" data-id=\"64475ad\" data-element_type=\"widget\" data-widget_type=\"image.default\">\n\t\t\t\t<div class=\"elementor-widget-container\">\n\t\t\t\t\t\t\t\t<div class=\"elementor-image\">\n\t\t\t\t\t\t\t\t\t\t\t\t<img width=\"1023\" height=\"681\" src=\"http:\/\/tumba-online.de\/wp-content\/uploads\/2020\/06\/4536126832_94fe87e934_b.jpg\" class=\"attachment-large size-large\" alt=\"\" loading=\"lazy\" srcset=\"http:\/\/tumba-online.de\/wp-content\/uploads\/2020\/06\/4536126832_94fe87e934_b.jpg 1023w, http:\/\/tumba-online.de\/wp-content\/uploads\/2020\/06\/4536126832_94fe87e934_b-300x200.jpg 300w, http:\/\/tumba-online.de\/wp-content\/uploads\/2020\/06\/4536126832_94fe87e934_b-768x511.jpg 768w\" sizes=\"(max-width: 1023px) 100vw, 1023px\" \/>\t\t\t\t\t\t\t\t\t\t\t\t\t\t<\/div>\n\t\t\t\t\t\t<\/div>\n\t\t\t\t<\/div>\n\t\t\t\t\t\t<\/div>\n\t\t\t\t\t<\/div>\n\t\t<\/div>\n\t\t\t\t\t\t\t\t<\/div>\n\t\t\t\t\t<\/div>\n\t\t<\/section>\n\t\t\t\t<section class=\"elementor-section elementor-top-section elementor-element elementor-element-5188a5c elementor-section-boxed elementor-section-height-default elementor-section-height-default\" data-id=\"5188a5c\" data-element_type=\"section\">\n\t\t\t\t\t\t<div class=\"elementor-container elementor-column-gap-default\">\n\t\t\t\t\t\t\t<div class=\"elementor-row\">\n\t\t\t\t\t<div class=\"elementor-column elementor-col-100 elementor-top-column elementor-element elementor-element-d27b5c1\" data-id=\"d27b5c1\" data-element_type=\"column\">\n\t\t\t<div class=\"elementor-column-wrap elementor-element-populated\">\n\t\t\t\t\t\t\t<div class=\"elementor-widget-wrap\">\n\t\t\t\t\t\t<div class=\"elementor-element elementor-element-b089aa6 elementor-widget elementor-widget-heading\" data-id=\"b089aa6\" data-element_type=\"widget\" data-widget_type=\"heading.default\">\n\t\t\t\t<div class=\"elementor-widget-container\">\n\t\t\t<h2 class=\"elementor-heading-title elementor-size-default\">Retter n\u00e4hern sich gesichert durch unwegsames Gel\u00e4nde<\/h2>\t\t<\/div>\n\t\t\t\t<\/div>\n\t\t\t\t\t\t<\/div>\n\t\t\t\t\t<\/div>\n\t\t<\/div>\n\t\t\t\t\t\t\t\t<\/div>\n\t\t\t\t\t<\/div>\n\t\t<\/section>\n\t\t\t\t<section class=\"elementor-section elementor-top-section elementor-element elementor-element-911de1e elementor-section-boxed elementor-section-height-default elementor-section-height-default\" data-id=\"911de1e\" data-element_type=\"section\">\n\t\t\t\t\t\t<div class=\"elementor-container elementor-column-gap-default\">\n\t\t\t\t\t\t\t<div class=\"elementor-row\">\n\t\t\t\t\t<div class=\"elementor-column elementor-col-50 elementor-top-column elementor-element elementor-element-38d8c83\" data-id=\"38d8c83\" data-element_type=\"column\">\n\t\t\t<div class=\"elementor-column-wrap elementor-element-populated\">\n\t\t\t\t\t\t\t<div class=\"elementor-widget-wrap\">\n\t\t\t\t\t\t<div class=\"elementor-element elementor-element-8a36e5e elementor-widget elementor-widget-image\" data-id=\"8a36e5e\" data-element_type=\"widget\" data-widget_type=\"image.default\">\n\t\t\t\t<div class=\"elementor-widget-container\">\n\t\t\t\t\t\t\t\t<div class=\"elementor-image\">\n\t\t\t\t\t\t\t\t\t\t\t\t<img width=\"960\" height=\"629\" src=\"http:\/\/tumba-online.de\/wp-content\/uploads\/2020\/06\/greenland-81241_960_720.jpg\" class=\"attachment-large size-large\" alt=\"\" loading=\"lazy\" srcset=\"http:\/\/tumba-online.de\/wp-content\/uploads\/2020\/06\/greenland-81241_960_720.jpg 960w, http:\/\/tumba-online.de\/wp-content\/uploads\/2020\/06\/greenland-81241_960_720-300x197.jpg 300w, http:\/\/tumba-online.de\/wp-content\/uploads\/2020\/06\/greenland-81241_960_720-768x503.jpg 768w\" sizes=\"(max-width: 960px) 100vw, 960px\" \/>\t\t\t\t\t\t\t\t\t\t\t\t\t\t<\/div>\n\t\t\t\t\t\t<\/div>\n\t\t\t\t<\/div>\n\t\t\t\t<div class=\"elementor-element elementor-element-9db7bc8 elementor-widget elementor-widget-spacer\" data-id=\"9db7bc8\" data-element_type=\"widget\" data-widget_type=\"spacer.default\">\n\t\t\t\t<div class=\"elementor-widget-container\">\n\t\t\t\t\t<div class=\"elementor-spacer\">\n\t\t\t<div class=\"elementor-spacer-inner\"><\/div>\n\t\t<\/div>\n\t\t\t\t<\/div>\n\t\t\t\t<\/div>\n\t\t\t\t\t\t<\/div>\n\t\t\t\t\t<\/div>\n\t\t<\/div>\n\t\t\t\t<div class=\"elementor-column elementor-col-50 elementor-top-column elementor-element elementor-element-46985fd\" data-id=\"46985fd\" data-element_type=\"column\">\n\t\t\t<div class=\"elementor-column-wrap elementor-element-populated\">\n\t\t\t\t\t\t\t<div class=\"elementor-widget-wrap\">\n\t\t\t\t\t\t<div class=\"elementor-element elementor-element-cf39f97 elementor-widget elementor-widget-image\" data-id=\"cf39f97\" data-element_type=\"widget\" data-widget_type=\"image.default\">\n\t\t\t\t<div class=\"elementor-widget-container\">\n\t\t\t\t\t\t\t\t<div class=\"elementor-image\">\n\t\t\t\t\t\t\t\t\t\t\t\t<img width=\"960\" height=\"540\" src=\"http:\/\/tumba-online.de\/wp-content\/uploads\/2020\/06\/ortler-1694927_960_720.jpg\" class=\"attachment-large size-large\" alt=\"\" loading=\"lazy\" srcset=\"http:\/\/tumba-online.de\/wp-content\/uploads\/2020\/06\/ortler-1694927_960_720.jpg 960w, http:\/\/tumba-online.de\/wp-content\/uploads\/2020\/06\/ortler-1694927_960_720-300x169.jpg 300w, http:\/\/tumba-online.de\/wp-content\/uploads\/2020\/06\/ortler-1694927_960_720-768x432.jpg 768w\" sizes=\"(max-width: 960px) 100vw, 960px\" \/>\t\t\t\t\t\t\t\t\t\t\t\t\t\t<\/div>\n\t\t\t\t\t\t<\/div>\n\t\t\t\t<\/div>\n\t\t\t\t\t\t<\/div>\n\t\t\t\t\t<\/div>\n\t\t<\/div>\n\t\t\t\t\t\t\t\t<\/div>\n\t\t\t\t\t<\/div>\n\t\t<\/section>\n\t\t\t\t<section class=\"elementor-section elementor-top-section elementor-element elementor-element-f195124 elementor-section-boxed elementor-section-height-default elementor-section-height-default\" data-id=\"f195124\" data-element_type=\"section\">\n\t\t\t\t\t\t<div class=\"elementor-container elementor-column-gap-default\">\n\t\t\t\t\t\t\t<div class=\"elementor-row\">\n\t\t\t\t\t<div class=\"elementor-column elementor-col-50 elementor-top-column elementor-element elementor-element-2a3586e\" data-id=\"2a3586e\" data-element_type=\"column\">\n\t\t\t<div class=\"elementor-column-wrap elementor-element-populated\">\n\t\t\t\t\t\t\t<div class=\"elementor-widget-wrap\">\n\t\t\t\t\t\t<div class=\"elementor-element elementor-element-e29bf4b elementor-widget elementor-widget-heading\" data-id=\"e29bf4b\" data-element_type=\"widget\" data-widget_type=\"heading.default\">\n\t\t\t\t<div class=\"elementor-widget-container\">\n\t\t\t<h2 class=\"elementor-heading-title elementor-size-large\">Interaktiv<\/h2>\t\t<\/div>\n\t\t\t\t<\/div>\n\t\t\t\t<div class=\"elementor-element elementor-element-a3bf75a elementor-widget elementor-widget-text-editor\" data-id=\"a3bf75a\" data-element_type=\"widget\" data-widget_type=\"text-editor.default\">\n\t\t\t\t<div class=\"elementor-widget-container\">\n\t\t\t\t\t\t\t\t<div class=\"elementor-text-editor elementor-clearfix\">\n\t\t\t\t<p><strong>Experiment f\u00fcr Kinder: Papier-Fallschirm<\/strong><\/p>\t\t\t\t\t<\/div>\n\t\t\t\t\t\t<\/div>\n\t\t\t\t<\/div>\n\t\t\t\t\t\t<\/div>\n\t\t\t\t\t<\/div>\n\t\t<\/div>\n\t\t\t\t<div class=\"elementor-column elementor-col-50 elementor-top-column elementor-element elementor-element-9115669\" data-id=\"9115669\" data-element_type=\"column\">\n\t\t\t<div class=\"elementor-column-wrap\">\n\t\t\t\t\t\t\t<div class=\"elementor-widget-wrap\">\n\t\t\t\t\t\t\t\t<\/div>\n\t\t\t\t\t<\/div>\n\t\t<\/div>\n\t\t\t\t\t\t\t\t<\/div>\n\t\t\t\t\t<\/div>\n\t\t<\/section>\n\t\t\t\t<section class=\"elementor-section elementor-top-section elementor-element elementor-element-7ff6b27 elementor-section-boxed elementor-section-height-default elementor-section-height-default\" data-id=\"7ff6b27\" data-element_type=\"section\">\n\t\t\t\t\t\t<div class=\"elementor-container elementor-column-gap-default\">\n\t\t\t\t\t\t\t<div class=\"elementor-row\">\n\t\t\t\t\t<div class=\"elementor-column elementor-col-50 elementor-top-column elementor-element elementor-element-03fd8bb\" data-id=\"03fd8bb\" data-element_type=\"column\">\n\t\t\t<div class=\"elementor-column-wrap elementor-element-populated\">\n\t\t\t\t\t\t\t<div class=\"elementor-widget-wrap\">\n\t\t\t\t\t\t<div class=\"elementor-element elementor-element-d806619 elementor-widget elementor-widget-text-editor\" data-id=\"d806619\" data-element_type=\"widget\" data-widget_type=\"text-editor.default\">\n\t\t\t\t<div class=\"elementor-widget-container\">\n\t\t\t\t\t\t\t\t<div class=\"elementor-text-editor elementor-clearfix\">\n\t\t\t\t<p>Basteln Sie mit Ihrem Kind einen Fallschirm und lassen Sie damit B\u00fcroklammern zu Boden schweben!<\/p>\t\t\t\t\t<\/div>\n\t\t\t\t\t\t<\/div>\n\t\t\t\t<\/div>\n\t\t\t\t\t\t<\/div>\n\t\t\t\t\t<\/div>\n\t\t<\/div>\n\t\t\t\t<div class=\"elementor-column elementor-col-50 elementor-top-column elementor-element elementor-element-14fdf6d\" data-id=\"14fdf6d\" data-element_type=\"column\">\n\t\t\t<div class=\"elementor-column-wrap\">\n\t\t\t\t\t\t\t<div class=\"elementor-widget-wrap\">\n\t\t\t\t\t\t\t\t<\/div>\n\t\t\t\t\t<\/div>\n\t\t<\/div>\n\t\t\t\t\t\t\t\t<\/div>\n\t\t\t\t\t<\/div>\n\t\t<\/section>\n\t\t\t\t<section class=\"elementor-section elementor-top-section elementor-element elementor-element-e5e5da5 elementor-section-boxed elementor-section-height-default elementor-section-height-default\" data-id=\"e5e5da5\" data-element_type=\"section\">\n\t\t\t\t\t\t<div class=\"elementor-container elementor-column-gap-default\">\n\t\t\t\t\t\t\t<div class=\"elementor-row\">\n\t\t\t\t\t<div class=\"elementor-column elementor-col-50 elementor-top-column elementor-element elementor-element-9828a34\" data-id=\"9828a34\" data-element_type=\"column\">\n\t\t\t<div class=\"elementor-column-wrap elementor-element-populated\">\n\t\t\t\t\t\t\t<div class=\"elementor-widget-wrap\">\n\t\t\t\t\t\t<div class=\"elementor-element elementor-element-9542f40 elementor-widget elementor-widget-text-editor\" data-id=\"9542f40\" data-element_type=\"widget\" data-widget_type=\"text-editor.default\">\n\t\t\t\t<div class=\"elementor-widget-container\">\n\t\t\t\t\t\t\t\t<div class=\"elementor-text-editor elementor-clearfix\">\n\t\t\t\t<p><strong>Was brauchen Sie daf\u00fcr?<\/strong><br \/><br \/>\u2981 ein K\u00fcchentuch<br \/>\u2981 B\u00fcroklammern<br \/>\u2981 Bindfaden<br \/>\u2981 Schere<br \/>\u2981 Klebefilm<\/p><p><br \/><strong>Wie geht das?<\/strong><\/p><ul><li>Schneiden Sie vier gleich lange St\u00fccke Bindfaden ab (jedes St\u00fcck etwa 25 cm lang).<\/li><li>Kleben Sie an jede Ecke des K\u00fcchentuchs einen Bindfaden. Rollen Sie dabei die Ecken zwischen Daumen und Zeigefinger. Befestigen Sie die F\u00e4den mit Klebefilm.<\/li><li>Verknoten Sie die Bindf\u00e4den unten miteinander. Achten Sie darauf, dass alle den gleichen Abstand zum K\u00fcchentuch haben. H\u00e4ngen Sie B\u00fcroklammern unten an den Knoten.<\/li><li>Jetzt kann Ihr Kind den Fallschirm schweben lassen. Wenn es daf\u00fcr auf einen Stuhl steigt, schwebt der Schirm l\u00e4nger.<br \/>Passen Sie aber auf, dass niemand runter f\u00e4llt!<\/li><\/ul><p><strong>Warum ist das so?<\/strong><br \/>Unter dem Schirm bildet sich ein\u00a0Luftpolster. Deshalb schwebt das K\u00fcchentuch.<\/p>\t\t\t\t\t<\/div>\n\t\t\t\t\t\t<\/div>\n\t\t\t\t<\/div>\n\t\t\t\t\t\t<\/div>\n\t\t\t\t\t<\/div>\n\t\t<\/div>\n\t\t\t\t<div class=\"elementor-column elementor-col-50 elementor-top-column elementor-element elementor-element-091288e\" data-id=\"091288e\" data-element_type=\"column\">\n\t\t\t<div class=\"elementor-column-wrap elementor-element-populated\">\n\t\t\t\t\t\t\t<div class=\"elementor-widget-wrap\">\n\t\t\t\t\t\t<div class=\"elementor-element elementor-element-e7b4d7f elementor-widget elementor-widget-image\" data-id=\"e7b4d7f\" data-element_type=\"widget\" data-widget_type=\"image.default\">\n\t\t\t\t<div class=\"elementor-widget-container\">\n\t\t\t\t\t\t\t\t<div class=\"elementor-image\">\n\t\t\t\t\t\t\t\t\t\t\t\t<img width=\"300\" height=\"200\" src=\"http:\/\/tumba-online.de\/wp-content\/uploads\/2021\/02\/papierfallschirm-material-300x200.jpg\" class=\"attachment-medium size-medium\" alt=\"\" loading=\"lazy\" srcset=\"http:\/\/tumba-online.de\/wp-content\/uploads\/2021\/02\/papierfallschirm-material-300x200.jpg 300w, http:\/\/tumba-online.de\/wp-content\/uploads\/2021\/02\/papierfallschirm-material.jpg 424w\" sizes=\"(max-width: 300px) 100vw, 300px\" \/>\t\t\t\t\t\t\t\t\t\t\t\t\t\t<\/div>\n\t\t\t\t\t\t<\/div>\n\t\t\t\t<\/div>\n\t\t\t\t<div class=\"elementor-element elementor-element-d02ce68 elementor-widget elementor-widget-spacer\" data-id=\"d02ce68\" data-element_type=\"widget\" data-widget_type=\"spacer.default\">\n\t\t\t\t<div class=\"elementor-widget-container\">\n\t\t\t\t\t<div class=\"elementor-spacer\">\n\t\t\t<div class=\"elementor-spacer-inner\"><\/div>\n\t\t<\/div>\n\t\t\t\t<\/div>\n\t\t\t\t<\/div>\n\t\t\t\t<div class=\"elementor-element elementor-element-6cd6525 elementor-widget elementor-widget-image\" data-id=\"6cd6525\" data-element_type=\"widget\" data-widget_type=\"image.default\">\n\t\t\t\t<div class=\"elementor-widget-container\">\n\t\t\t\t\t\t\t\t<div class=\"elementor-image\">\n\t\t\t\t\t\t\t\t\t\t\t\t<img width=\"200\" height=\"300\" src=\"http:\/\/tumba-online.de\/wp-content\/uploads\/2021\/02\/th7_papierfallschirm-titel-200x300.jpg\" class=\"attachment-medium size-medium\" alt=\"\" loading=\"lazy\" srcset=\"http:\/\/tumba-online.de\/wp-content\/uploads\/2021\/02\/th7_papierfallschirm-titel-200x300.jpg 200w, http:\/\/tumba-online.de\/wp-content\/uploads\/2021\/02\/th7_papierfallschirm-titel.jpg 500w\" sizes=\"(max-width: 200px) 100vw, 200px\" \/>\t\t\t\t\t\t\t\t\t\t\t\t\t\t<\/div>\n\t\t\t\t\t\t<\/div>\n\t\t\t\t<\/div>\n\t\t\t\t\t\t<\/div>\n\t\t\t\t\t<\/div>\n\t\t<\/div>\n\t\t\t\t\t\t\t\t<\/div>\n\t\t\t\t\t<\/div>\n\t\t<\/section>\n\t\t\t\t\t\t<\/div>\n\t\t\t\t\t\t<\/div>\n\t\t\t\t\t<\/div>\n\t\t","protected":false},"excerpt":{"rendered":"<p>Zwanzigstes bis Zweiundzwanzigstes Kapitel: Die Rettung Geplante Flugroute und Anbsturzstelle in den Anden Bilder Ein Rettungsflugzeug wirft eine Botschaft ab. Der Rettungshubschrauber seilt einen Retter ab und landet auf dem Schneefeld Retter n\u00e4hern sich gesichert durch unwegsames Gel\u00e4nde Interaktiv Experiment f\u00fcr Kinder: Papier-Fallschirm Basteln Sie mit Ihrem Kind einen Fallschirm und lassen Sie damit B\u00fcroklammern [&hellip;]<\/p>\n","protected":false},"author":1,"featured_media":0,"parent":0,"menu_order":0,"comment_status":"closed","ping_status":"closed","template":"","meta":{"spay_email":""},"_links":{"self":[{"href":"http:\/\/tumba-online.de\/index.php?rest_route=\/wp\/v2\/pages\/765"}],"collection":[{"href":"http:\/\/tumba-online.de\/index.php?rest_route=\/wp\/v2\/pages"}],"about":[{"href":"http:\/\/tumba-online.de\/index.php?rest_route=\/wp\/v2\/types\/page"}],"author":[{"embeddable":true,"href":"http:\/\/tumba-online.de\/index.php?rest_route=\/wp\/v2\/users\/1"}],"replies":[{"embeddable":true,"href":"http:\/\/tumba-online.de\/index.php?rest_route=%2Fwp%2Fv2%2Fcomments&post=765"}],"version-history":[{"count":8,"href":"http:\/\/tumba-online.de\/index.php?rest_route=\/wp\/v2\/pages\/765\/revisions"}],"predecessor-version":[{"id":800,"href":"http:\/\/tumba-online.de\/index.php?rest_route=\/wp\/v2\/pages\/765\/revisions\/800"}],"wp:attachment":[{"href":"http:\/\/tumba-online.de\/index.php?rest_route=%2Fwp%2Fv2%2Fmedia&parent=765"}],"curies":[{"name":"wp","href":"https:\/\/api.w.org\/{rel}","templated":true}]}}